{"id":990081,"date":"2025-02-13T14:23:39","date_gmt":"2025-02-13T14:23:39","guid":{"rendered":"https:\/\/heritage.artover.fr\/contactez-nous\/"},"modified":"2025-12-04T12:22:10","modified_gmt":"2025-12-04T12:22:10","slug":"contact-us","status":"publish","type":"page","link":"https:\/\/backheritage.artover.fr\/fr\/contact-us\/","title":{"rendered":"Contactez-nous"},"content":{"rendered":"\t\t<div data-elementor-type=\"wp-page\" data-elementor-id=\"990081\" class=\"elementor elementor-990081 elementor-49\" data-elementor-post-type=\"page\">\n\t\t\t\t<div class=\"elementor-element elementor-element-a464f92 e-flex e-con-boxed e-con e-parent\" data-id=\"a464f92\" data-element_type=\"container\">\n\t\t\t\t\t<div class=\"e-con-inner\">\n\t\t\t\t<div class=\"elementor-element elementor-element-6b32c43 elementor-invisible elementor-widget__width-initial animated-fast elementor-widget-mobile__width-inherit elementor-widget elementor-widget-heading\" data-id=\"6b32c43\" data-element_type=\"widget\" data-settings=\"{&quot;_animation&quot;:&quot;fadeIn&quot;}\" data-widget_type=\"heading.default\">\n\t\t\t\t<div class=\"elementor-widget-container\">\n\t\t\t\t\t<h2 class=\"elementor-heading-title elementor-size-default\">Connectez-vous avec <span class=\"color-accent-4\">Heritage Wealth<\/span><\/h2>\t\t\t\t<\/div>\n\t\t\t\t<\/div>\n\t\t\t\t<div class=\"elementor-element elementor-element-e51d176 elementor-invisible animated-fast elementor-widget-tablet__width-inherit elementor-widget__width-initial elementor-widget elementor-widget-text-editor\" data-id=\"e51d176\" data-element_type=\"widget\" data-settings=\"{&quot;_animation&quot;:&quot;fadeIn&quot;,&quot;_animation_delay&quot;:0}\" data-widget_type=\"text-editor.default\">\n\t\t\t\t<div class=\"elementor-widget-container\">\n\t\t\t\t\t\t\t\t\t<p>Nous valorisons les relations \u00e0 long terme bas\u00e9es sur la confiance et la performance. <br>Contactez-nous d\u00e8s aujourd&rsquo;hui pour commencer votre parcours patrimonial personnalis\u00e9.<\/p>\t\t\t\t\t\t\t\t<\/div>\n\t\t\t\t<\/div>\n\t\t\t\t\t<\/div>\n\t\t\t\t<\/div>\n\t\t<div class=\"elementor-element elementor-element-68f5294 elementor-invisible animated-fast e-flex e-con-boxed e-con e-parent\" data-id=\"68f5294\" data-element_type=\"container\" data-settings=\"{&quot;animation&quot;:&quot;fadeIn&quot;,&quot;animation_delay&quot;:50}\">\n\t\t\t\t\t<div class=\"e-con-inner\">\n\t\t<div class=\"elementor-element elementor-element-41c2e26 e-con-full e-flex e-con e-child\" data-id=\"41c2e26\" data-element_type=\"container\">\n\t\t\t\t<div class=\"vamtam-has-theme-widget-styles elementor-element elementor-element-6bf94f6 elementor-view-stacked elementor-widget-mobile__width-initial elementor-shape-circle elementor-widget elementor-widget-icon\" data-id=\"6bf94f6\" data-element_type=\"widget\" data-widget_type=\"icon.default\">\n\t\t\t\t<div class=\"elementor-widget-container\">\n\t\t\t\t\t\t\t<div class=\"elementor-icon-wrapper\">\n\t\t\t<div class=\"elementor-icon\">\n\t\t\t<i aria-hidden=\"true\" class=\"vamtamtheme- vamtam-theme-pin\"><\/i>\t\t\t<\/div>\n\t\t<\/div>\n\t\t\t\t\t\t<\/div>\n\t\t\t\t<\/div>\n\t\t<div class=\"elementor-element elementor-element-8e0c57a e-con-full e-flex e-con e-child\" data-id=\"8e0c57a\" data-element_type=\"container\">\n\t\t\t\t<div class=\"elementor-element elementor-element-36bd218 elementor-widget elementor-widget-heading\" data-id=\"36bd218\" data-element_type=\"widget\" data-widget_type=\"heading.default\">\n\t\t\t\t<div class=\"elementor-widget-container\">\n\t\t\t\t\t<div class=\"elementor-heading-title elementor-size-default\">E53 Avenue de la Cannelle, Ebene City, Maurice<\/div>\t\t\t\t<\/div>\n\t\t\t\t<\/div>\n\t\t\t\t<\/div>\n\t\t\t\t<\/div>\n\t\t<div class=\"elementor-element elementor-element-39201bb e-con-full e-flex e-con e-child\" data-id=\"39201bb\" data-element_type=\"container\">\n\t\t\t\t<div class=\"vamtam-has-theme-widget-styles elementor-element elementor-element-334f9aa elementor-view-stacked elementor-widget-mobile__width-initial elementor-shape-circle elementor-widget elementor-widget-icon\" data-id=\"334f9aa\" data-element_type=\"widget\" data-widget_type=\"icon.default\">\n\t\t\t\t<div class=\"elementor-widget-container\">\n\t\t\t\t\t\t\t<div class=\"elementor-icon-wrapper\">\n\t\t\t<div class=\"elementor-icon\">\n\t\t\t<i aria-hidden=\"true\" class=\"vamtamtheme- vamtam-theme-phone\"><\/i>\t\t\t<\/div>\n\t\t<\/div>\n\t\t\t\t\t\t<\/div>\n\t\t\t\t<\/div>\n\t\t<div class=\"elementor-element elementor-element-fc585de e-con-full e-flex e-con e-child\" data-id=\"fc585de\" data-element_type=\"container\">\n\t\t\t\t<div class=\"elementor-element elementor-element-0f737a1 elementor-widget elementor-widget-heading\" data-id=\"0f737a1\" data-element_type=\"widget\" data-widget_type=\"heading.default\">\n\t\t\t\t<div class=\"elementor-widget-container\">\n\t\t\t\t\t<div class=\"elementor-heading-title elementor-size-default\"><a href=\"tel:+11228008808\">+(230) 408 4130<\/a><\/div>\t\t\t\t<\/div>\n\t\t\t\t<\/div>\n\t\t\t\t<\/div>\n\t\t\t\t<\/div>\n\t\t<div class=\"elementor-element elementor-element-d78601a e-con-full e-flex e-con e-child\" data-id=\"d78601a\" data-element_type=\"container\">\n\t\t\t\t<div class=\"vamtam-has-theme-widget-styles elementor-element elementor-element-addab16 elementor-view-stacked elementor-widget-mobile__width-initial elementor-shape-circle elementor-widget elementor-widget-icon\" data-id=\"addab16\" data-element_type=\"widget\" data-widget_type=\"icon.default\">\n\t\t\t\t<div class=\"elementor-widget-container\">\n\t\t\t\t\t\t\t<div class=\"elementor-icon-wrapper\">\n\t\t\t<div class=\"elementor-icon\">\n\t\t\t<i aria-hidden=\"true\" class=\"vamtamtheme- vamtam-theme-mail\"><\/i>\t\t\t<\/div>\n\t\t<\/div>\n\t\t\t\t\t\t<\/div>\n\t\t\t\t<\/div>\n\t\t<div class=\"elementor-element elementor-element-3682d09 e-con-full e-flex e-con e-child\" data-id=\"3682d09\" data-element_type=\"container\">\n\t\t\t\t<div class=\"elementor-element elementor-element-8982c55 elementor-widget elementor-widget-heading\" data-id=\"8982c55\" data-element_type=\"widget\" data-widget_type=\"heading.default\">\n\t\t\t\t<div class=\"elementor-widget-container\">\n\t\t\t\t\t<div class=\"elementor-heading-title elementor-size-default\"><a href=\"mailto:office@finovate.com?subject=Hello\">info@heritagewealth.mu<\/a><\/div>\t\t\t\t<\/div>\n\t\t\t\t<\/div>\n\t\t\t\t<\/div>\n\t\t\t\t<\/div>\n\t\t\t\t\t<\/div>\n\t\t\t\t<\/div>\n\t\t<div class=\"elementor-element elementor-element-b08375e e-flex e-con-boxed e-con e-parent\" data-id=\"b08375e\" data-element_type=\"container\">\n\t\t\t\t\t<div class=\"e-con-inner\">\n\t\t<div class=\"elementor-element elementor-element-f9cf383 e-con-full e-flex e-con e-child\" data-id=\"f9cf383\" data-element_type=\"container\" data-settings=\"{&quot;background_background&quot;:&quot;classic&quot;}\">\n\t\t\t\t<div class=\"elementor-element elementor-element-b9486ac elementor-invisible animated-fast elementor-widget elementor-widget-heading\" data-id=\"b9486ac\" data-element_type=\"widget\" data-settings=\"{&quot;_animation&quot;:&quot;fadeIn&quot;,&quot;_animation_delay&quot;:0}\" data-widget_type=\"heading.default\">\n\t\t\t\t<div class=\"elementor-widget-container\">\n\t\t\t\t\t<h2 class=\"elementor-heading-title elementor-size-default\">Se connecter<\/h2>\t\t\t\t<\/div>\n\t\t\t\t<\/div>\n\t\t\t\t<div class=\"elementor-element elementor-element-57beed3 elementor-widget elementor-widget-shortcode\" data-id=\"57beed3\" data-element_type=\"widget\" data-widget_type=\"shortcode.default\">\n\t\t\t\t<div class=\"elementor-widget-container\">\n\t\t\t\t\t\t\t<div class=\"elementor-shortcode\"><div id=\"quform-b73609\" class=\"quform quform-3 quform-support-page-caching\"><form id=\"quform-form-b73609\" class=\"quform-form quform-form-3\" action=\"\/fr\/wp-json\/wp\/v2\/pages\/990081#quform-b73609\" method=\"post\" enctype=\"multipart\/form-data\" novalidate=\"novalidate\" data-options=\"{&quot;id&quot;:3,&quot;uniqueId&quot;:&quot;b73609&quot;,&quot;theme&quot;:&quot;&quot;,&quot;ajax&quot;:true,&quot;logic&quot;:{&quot;logic&quot;:[],&quot;dependents&quot;:[],&quot;elementIds&quot;:[],&quot;dependentElementIds&quot;:[],&quot;animate&quot;:true},&quot;currentPageId&quot;:1,&quot;errorsIcon&quot;:&quot;&quot;,&quot;updateFancybox&quot;:true,&quot;hasPages&quot;:false,&quot;pages&quot;:[1],&quot;pageProgressType&quot;:&quot;numbers&quot;,&quot;tooltipsEnabled&quot;:true,&quot;tooltipClasses&quot;:&quot;qtip-quform-dark qtip-shadow&quot;,&quot;tooltipMy&quot;:&quot;left center&quot;,&quot;tooltipAt&quot;:&quot;right center&quot;,&quot;isRtl&quot;:false,&quot;scrollOffset&quot;:-50,&quot;scrollSpeed&quot;:800}\"><button class=\"quform-default-submit\" name=\"quform_submit\" type=\"submit\" value=\"submit\" aria-hidden=\"true\" tabindex=\"-1\"><\/button><div class=\"quform-form-inner quform-form-inner-3\"><input type=\"hidden\" name=\"quform_form_id\" value=\"3\" \/><input type=\"hidden\" name=\"quform_form_uid\" value=\"b73609\" \/><input type=\"hidden\" name=\"quform_count\" value=\"1\" \/><input type=\"hidden\" name=\"form_url\" value=\"https:\/\/backheritage.artover.fr\/fr\/wp-json\/wp\/v2\/pages\/990081\" \/><input type=\"hidden\" name=\"referring_url\" value=\"\" \/><input type=\"hidden\" name=\"post_id\" value=\"\" \/><input type=\"hidden\" name=\"post_title\" value=\"\" \/><input type=\"hidden\" name=\"quform_current_page_id\" value=\"1\" \/><input type=\"hidden\" name=\"quform_loaded\" value=\"1775518286|7a59064b5e8bdc24982af0ff11c815ad\" \/><input type=\"hidden\" name=\"quform_csrf_token\" value=\"npwxv4wIi4kGXQMBNnSZwZ2QZ5z1TfdBQvpPvbGu\" \/><div class=\"quform-elements quform-elements-3 quform-cf quform-responsive-elements-phone-landscape\"><div class=\"quform-element quform-element-page quform-page-1 quform-page-3_1 quform-cf quform-group-style-plain quform-first-page quform-last-page quform-current-page\"><div class=\"quform-child-elements\"><div class=\"quform-element quform-element-row quform-element-row-3_3 quform-2-columns quform-element-row-size-fixed quform-responsive-columns-phone-landscape\"><div class=\"quform-element quform-element-column quform-element-3_4\"><div class=\"quform-element quform-element-text quform-element-3_6 quform-cf quform-element-required\"><div class=\"quform-spacer\"><div class=\"quform-label quform-label-3_6\"><label class=\"quform-label-text\" for=\"quform_3_6_b73609\">Votre nom<span class=\"quform-required\">*<\/span><\/label><\/div><div class=\"quform-inner quform-inner-text quform-inner-3_6\"><div class=\"quform-input quform-input-text quform-input-3_6 quform-cf\"><input type=\"text\" id=\"quform_3_6_b73609\" name=\"quform_3_6\" class=\"quform-field quform-field-text quform-field-3_6\" \/><\/div><\/div><\/div><\/div><\/div><div class=\"quform-element quform-element-column quform-element-3_5\"><div class=\"quform-element quform-element-email quform-element-3_7 quform-cf quform-element-required\"><div class=\"quform-spacer\"><div class=\"quform-label quform-label-3_7\"><label class=\"quform-label-text\" for=\"quform_3_7_b73609\">Adresse e-mail<span class=\"quform-required\">*<\/span><\/label><\/div><div class=\"quform-inner quform-inner-email quform-inner-3_7\"><div class=\"quform-input quform-input-email quform-input-3_7 quform-cf\"><input type=\"email\" id=\"quform_3_7_b73609\" name=\"quform_3_7\" class=\"quform-field quform-field-email quform-field-3_7\" \/><\/div><\/div><\/div><\/div><\/div><\/div><div class=\"quform-element quform-element-row quform-element-row-3_8 quform-2-columns quform-element-row-size-fixed quform-responsive-columns-phone-landscape\"><div class=\"quform-element quform-element-column quform-element-3_9\"><div class=\"quform-element quform-element-text quform-element-3_11 quform-cf quform-element-required\"><div class=\"quform-spacer\"><div class=\"quform-label quform-label-3_11\"><label class=\"quform-label-text\" for=\"quform_3_11_b73609\">Num\u00e9ro de t\u00e9l\u00e9phone<span class=\"quform-required\">*<\/span><\/label><\/div><div class=\"quform-inner quform-inner-text quform-inner-3_11\"><div class=\"quform-input quform-input-text quform-input-3_11 quform-cf\"><input type=\"text\" id=\"quform_3_11_b73609\" name=\"quform_3_11\" class=\"quform-field quform-field-text quform-field-3_11\" \/><\/div><p class=\"quform-description quform-description-below\">Ex : (+230) 000-000-000<\/p><\/div><\/div><\/div><\/div><div class=\"quform-element quform-element-column quform-element-3_10\"><div class=\"quform-element quform-element-text quform-element-3_12 quform-cf quform-element-required\"><div class=\"quform-spacer\"><div class=\"quform-label quform-label-3_12\"><label class=\"quform-label-text\" for=\"quform_3_12_b73609\">Nom de l\u2019entreprise<span class=\"quform-required\">*<\/span><\/label><\/div><div class=\"quform-inner quform-inner-text quform-inner-3_12\"><div class=\"quform-input quform-input-text quform-input-3_12 quform-cf\"><input type=\"text\" id=\"quform_3_12_b73609\" name=\"quform_3_12\" class=\"quform-field quform-field-text quform-field-3_12\" \/><\/div><\/div><\/div><\/div><\/div><\/div><div class=\"quform-element quform-element-textarea quform-element-3_14 quform-cf quform-element-required\"><div class=\"quform-spacer\"><div class=\"quform-label quform-label-3_14\"><label class=\"quform-label-text\" for=\"quform_3_14_b73609\">Votre message<span class=\"quform-required\">*<\/span><\/label><\/div><div class=\"quform-inner quform-inner-textarea quform-inner-3_14 quform-field-size-slim\"><div class=\"quform-input quform-input-textarea quform-input-3_14 quform-cf\"><textarea id=\"quform_3_14_b73609\" name=\"quform_3_14\" class=\"quform-field quform-field-textarea quform-field-3_14\"><\/textarea><\/div><\/div><\/div><\/div><div class=\"quform-element quform-element-row quform-element-row-3_15 quform-2-columns quform-element-row-size-fixed quform-responsive-columns-phone-landscape\"><div class=\"quform-element quform-element-column quform-element-3_16\"><div class=\"quform-element quform-element-captcha quform-element-3_19 quform-cf quform-element-required\"><div class=\"quform-spacer\"><div class=\"quform-label quform-label-3_19\"><label class=\"quform-label-text\" for=\"quform_3_19_b73609\">Please type the characters<span class=\"quform-required\">*<\/span><\/label><\/div><div class=\"quform-inner quform-inner-captcha quform-inner-3_19\"><div class=\"quform-input quform-input-captcha quform-input-3_19 quform-cf\"><input type=\"text\" id=\"quform_3_19_b73609\" name=\"quform_3_19\" class=\"quform-field quform-field-captcha quform-field-3_19\" \/><\/div><div class=\"quform-captcha quform-cf\"><div class=\"quform-captcha-image quform-captcha-image-3_19\"><img decoding=\"async\" class=\"quform-captcha-image-img\" src=\"data:image\/png;base64,iVBORw0KGgoAAAANSUhEUgAAAOYAAABQBAMAAAD\/1xTgAAAAG1BMVEX\/\/\/8iIiLj4+OsrKx0dHSQkJDHx8c9PT1ZWVmqXXxWAAAACXBIWXMAAA7EAAAOxAGVKw4bAAAD7ElEQVRoge1YS1PaUBSOFwgsPRYalsGqdWlarV2Siq1LKdi65DXq0tvqyJJU0b\/d+34Ak5Aw0ulMvpk6nes997uP73znRMfJkSNHjhw5cuTI8e+BDk\/9dXNeA9TXTIqA4Nd6OYuUs5Yx2O12Useg7uMG1MLMnCHA77SUEUAEkza8zULoOxV6R+fpogJgQe+hmZ5xhGEc0fA3qcJcRkmCBukp93nsfQj1VHFlHgcH6SnFduG8DZAqkFyt1yL3s5Wes0H4HmiSRSnPGdEjIpxFtUSwX5xdgGqY8j0xm9+wd1qaLhPKU5pc1M6DfpltfxnOTfKzAp4ecj+GsEQkeU4aWjS1UHghkkqMDec4d5aUFOGcUBojOwuYxlaTIgPmBcbdlpgWJ\/MU3ZbtccSkb\/l8xRlyISc5dwM833ENDfG4zTlKeoSqb45wsVf0pVDb9si\/BBUX6EoXRq6QbXtPeN4I+VZqjqsoI17\/iIbkTsh\/nx1EZvZiOfsgE1sMkHMfEOLZNymKaV\/xrRl5PxjpYyH+lGTXzVjOiF2GUcj4++JZTmodnZ905paKlJB3UuIyuFmkBhMYmiP6Aj050GbCGH2fm0dvItCc9FDYvqIyv1TMtRXL6bgXHd840CIXLPHS4Wp1Ec5zN7KuaIMlHO05mrGcEdSuhlcDzUnes3PUevHsilgW64Tq3hAdQYfYm6rYPlcBXlZDUzmtJAZsvTeEOAOdGBFUZ5YWnNdJbYOk0C96DDA+7c6U\/kAI2UgMWlXuPizgdLbjKalmQFZtgT2fDU\/MWbJyBNojefbc9\/SkfrLrMVBPGLdaxJrlI7g9vrjlRJFIiLZa1hWirWtnbogNFU7iOfvgsfu5UWJrMx1iW++RUHOoklGZideTk0SukEnNWM5IGrIiwZ61BZsTq1TB4P3YG34zc0V4AkrKFfX7SHKG8PjxEsCuoCHnRCpVXFE9drFWm\/C+\/aTWUy7iqtX6tqFxBFxDum6pqlk0WqlAGHBCxY\/4YqitEq\/CpWGHifpaVkrTldr4AJCFIKE7Ilu76xx1I20CRStbHbWRA7a+bCrNe9H2IRIvocmoqOrwx5EnqB4a\/stBnqrm0+2o9bHMmsDISm7Az\/GU7GvFLmYIL2otyAnqZ+a0tmi27DYVdV\/GsyVpHgVOqp1adwImpEcqabE+ZPppGGZpx9GQNFfJHyvHnFM7hTLNtB9lKbb2mZikme1INHlLmmw27A1KliTpLmzDfQ1UZqqxe3T2dOK\/KiVpPtJ9862Od70g5TffynCtLF4PWIYSM1onCrxCv1oyLsSIdSMZ\/gawCtDl+jmJji6z\/BVpVaD1U+bIkSPH\/4u\/qWym0hNh7RUAAAAASUVORK5CYII=\" alt=\"Image CAPTCHA\" data-element-id=\"19\" width=\"115\" height=\"40\" \/><\/div><\/div><p class=\"quform-description quform-description-below\">This helps us prevent spam, thank you.<\/p><\/div><\/div><\/div><\/div><div class=\"quform-element quform-element-column quform-element-3_17\"><\/div><\/div><div class=\"quform-element quform-element-submit quform-element-3_2 quform-cf quform-button-style-theme\"><div class=\"quform-button-submit quform-button-submit-default quform-button-submit-3_2\"><button name=\"quform_submit\" type=\"submit\" class=\"quform-submit\" value=\"submit\"><span class=\"quform-button-text quform-button-submit-text\">Soumettre<\/span><\/button><\/div><div class=\"quform-loading quform-loading-position-left quform-loading-type-spinner-1\"><div class=\"quform-loading-inner\"><div class=\"quform-loading-spinner\"><div class=\"quform-loading-spinner-inner\"><\/div><\/div><\/div><\/div><\/div><div class=\"quform-element quform-element-textarea quform-element-3_607620 quform-sr-only quform-cf\" style=\"clip: rect(1px, 1px, 1px, 1px); clip-path: inset(50%); position: absolute !important; height: 1px; width: 1px; overflow: hidden;\"><div class=\"quform-spacer\"><div class=\"quform-label quform-label-3_607620\"><label class=\"quform-label-text\" for=\"quform_3_607620_b73609\">Your Website<span class=\"quform-required\">*<\/span><\/label><\/div><div class=\"quform-inner quform-inner-3_607620\"><textarea id=\"quform_3_607620_b73609\" name=\"quform_3_607620\" class=\"quform-field quform-field-textarea quform-field-3_607620\" tabindex=\"-1\" autocomplete=\"new-password\"><\/textarea><\/div><\/div><\/div><\/div><\/div><\/div><\/div><\/form><\/div><\/div>\n\t\t\t\t\t\t<\/div>\n\t\t\t\t<\/div>\n\t\t\t\t<\/div>\n\t\t<div class=\"elementor-element elementor-element-5addfb8 e-con-full e-flex e-con e-child\" data-id=\"5addfb8\" data-element_type=\"container\" data-settings=\"{&quot;background_background&quot;:&quot;classic&quot;}\">\n\t\t\t\t<\/div>\n\t\t\t\t\t<\/div>\n\t\t\t\t<\/div>\n\t\t\t\t<\/div>\n\t\t","protected":false},"excerpt":{"rendered":"<p>Nous sommes impatients d&rsquo;en apprendre davantage sur vos objectifs financiers.<\/p>\n","protected":false},"author":1,"featured_media":0,"parent":0,"menu_order":0,"comment_status":"closed","ping_status":"closed","template":"elementor_header_footer","meta":{"footnotes":""},"class_list":["post-990081","page","type-page","status-publish","hentry"],"_links":{"self":[{"href":"https:\/\/backheritage.artover.fr\/fr\/wp-json\/wp\/v2\/pages\/990081","targetHints":{"allow":["GET"]}}],"collection":[{"href":"https:\/\/backheritage.artover.fr\/fr\/wp-json\/wp\/v2\/pages"}],"about":[{"href":"https:\/\/backheritage.artover.fr\/fr\/wp-json\/wp\/v2\/types\/page"}],"author":[{"embeddable":true,"href":"https:\/\/backheritage.artover.fr\/fr\/wp-json\/wp\/v2\/users\/1"}],"replies":[{"embeddable":true,"href":"https:\/\/backheritage.artover.fr\/fr\/wp-json\/wp\/v2\/comments?post=990081"}],"version-history":[{"count":4,"href":"https:\/\/backheritage.artover.fr\/fr\/wp-json\/wp\/v2\/pages\/990081\/revisions"}],"predecessor-version":[{"id":990193,"href":"https:\/\/backheritage.artover.fr\/fr\/wp-json\/wp\/v2\/pages\/990081\/revisions\/990193"}],"wp:attachment":[{"href":"https:\/\/backheritage.artover.fr\/fr\/wp-json\/wp\/v2\/media?parent=990081"}],"curies":[{"name":"wp","href":"https:\/\/api.w.org\/{rel}","templated":true}]}}