{"id":990089,"date":"2025-11-07T01:52:32","date_gmt":"2025-11-07T01:52:32","guid":{"rendered":"https:\/\/heritage.artover.fr\/clause-de-non-responsabilite\/"},"modified":"2025-12-03T12:35:26","modified_gmt":"2025-12-03T12:35:26","slug":"clause-de-non-responsabilite","status":"publish","type":"page","link":"https:\/\/backheritage.artover.fr\/fr\/clause-de-non-responsabilite\/","title":{"rendered":"Clause de non-responsabilit\u00e9"},"content":{"rendered":"\t\t<div data-elementor-type=\"wp-page\" data-elementor-id=\"990089\" class=\"elementor elementor-990089 elementor-988223\" data-elementor-post-type=\"page\">\n\t\t\t\t<div class=\"elementor-element elementor-element-6a1ec3f e-flex e-con-boxed e-con e-parent\" data-id=\"6a1ec3f\" data-element_type=\"container\">\n\t\t\t\t\t<div class=\"e-con-inner\">\n\t\t\t\t<div class=\"elementor-element elementor-element-aa2468c elementor-invisible animated-fast elementor-widget elementor-widget-heading\" data-id=\"aa2468c\" data-element_type=\"widget\" data-settings=\"{&quot;_animation&quot;:&quot;fadeIn&quot;}\" data-widget_type=\"heading.default\">\n\t\t\t\t<div class=\"elementor-widget-container\">\n\t\t\t\t\t<h2 class=\"elementor-heading-title elementor-size-default\">Clause de non-responsabilit\u00e9<\/h2>\t\t\t\t<\/div>\n\t\t\t\t<\/div>\n\t\t\t\t\t<\/div>\n\t\t\t\t<\/div>\n\t\t<div class=\"elementor-element elementor-element-b6f3875 e-flex e-con-boxed e-con e-parent\" data-id=\"b6f3875\" data-element_type=\"container\">\n\t\t\t\t\t<div class=\"e-con-inner\">\n\t\t\t\t<div class=\"elementor-element elementor-element-490746a elementor-widget elementor-widget-text-editor\" data-id=\"490746a\" data-element_type=\"widget\" data-widget_type=\"text-editor.default\">\n\t\t\t\t<div class=\"elementor-widget-container\">\n\t\t\t\t\t\t\t\t\t<p>Ce site web a \u00e9t\u00e9 pr\u00e9par\u00e9 par Heritage Wealth Partners Ltd (\u00ab&nbsp;Heritage Wealth&nbsp;\u00bb) afin de fournir des informations g\u00e9n\u00e9rales sur ses services de gestion de patrimoine et d\u2019investissement. Il s\u2019agit d\u2019une communication marketing et ne constitue pas une offre, une sollicitation ou une recommandation d\u2019acheter ou de vendre un instrument financier quelconque ou de s\u2019engager dans une strat\u00e9gie d\u2019investissement.<\/p><p>Les informations pr\u00e9sent\u00e9es sont de nature g\u00e9n\u00e9rale et ne tiennent pas compte des objectifs d\u2019investissement, de la situation financi\u00e8re ou des besoins sp\u00e9cifiques d\u2019une personne en particulier. Avant de prendre toute d\u00e9cision d\u2019investissement, vous devriez obtenir des conseils professionnels et d\u00e9terminer si les produits et services d\u00e9crits sont appropri\u00e9s \u00e0 votre situation et \u00e0 votre tol\u00e9rance au risque.<\/p><p>Heritage Wealth fournit des services de gestion discr\u00e9tionnaire de portefeuille et des services de conseil principalement aux clients fortun\u00e9s et professionnels, y compris les bureaux de gestion de patrimoine familial et les investisseurs institutionnels. Certains services ou produits peuvent ne pas convenir ou ne pas \u00eatre accessibles \u00e0 tous les investisseurs, et l\u2019acc\u00e8s peut d\u00e9pendre de votre classification, de votre juridiction et des r\u00e9glementations applicables.<\/p><p>Investir sur les march\u00e9s financiers comporte des risques, y compris la perte possible de capital. La valeur des portefeuilles peut fluctuer en raison des conditions du march\u00e9, des tendances \u00e9conomiques, des mouvements des taux d\u2019int\u00e9r\u00eat et d\u2019autres facteurs. Le rendement pass\u00e9 n\u2019est pas indicatif et ne garantit pas les r\u00e9sultats futurs.<br>Bien qu\u2019Heritage Wealth ait pris des mesures raisonnables pour s\u2019assurer que les informations contenues sur ce site web sont exactes et \u00e0 jour, aucune d\u00e9claration ou garantie, expresse ou implicite, n\u2019est faite quant \u00e0 leur exhaustivit\u00e9 ou \u00e0 leur exactitude. Heritage Wealth n\u2019assume aucune obligation de mettre \u00e0 jour ou de r\u00e9viser tout contenu apr\u00e8s sa publication.<\/p><p>Rien sur ce site web ne doit \u00eatre interpr\u00e9t\u00e9 comme un conseil en investissement, juridique, comptable ou fiscal. Les r\u00e9f\u00e9rences \u00e0 des fournisseurs tiers, \u00e0 des indices ou \u00e0 des marques de commerce sont fournies \u00e0 titre d\u2019information seulement et n\u2019impliquent aucune affiliation, commandite ou approbation.<\/p><p>En acc\u00e9dant \u00e0 ce site web, vous reconnaissez et acceptez cet avis de non-responsabilit\u00e9 ainsi que nos conditions d\u2019utilisation et notre politique de confidentialit\u00e9. Heritage Wealth se r\u00e9serve le droit de modifier ou de mettre \u00e0 jour son contenu, ses strat\u00e9gies et ses documents sans pr\u00e9avis. <\/p>\t\t\t\t\t\t\t\t<\/div>\n\t\t\t\t<\/div>\n\t\t\t\t\t<\/div>\n\t\t\t\t<\/div>\n\t\t\t\t<\/div>\n\t\t","protected":false},"excerpt":{"rendered":"<p>Clause de non-responsabilit\u00e9 Ce site web a \u00e9t\u00e9 pr\u00e9par\u00e9 par Heritage Wealth Partners Ltd (\u00ab&nbsp;Heritage Wealth&nbsp;\u00bb) afin de fournir des informations g\u00e9n\u00e9rales sur ses services de gestion de patrimoine et d\u2019investissement. Il s\u2019agit d\u2019une communication marketing et ne constitue pas une offre, une sollicitation ou une recommandation d\u2019acheter ou de vendre un instrument financier quelconque&#8230;<\/p>\n","protected":false},"author":1,"featured_media":0,"parent":0,"menu_order":0,"comment_status":"closed","ping_status":"closed","template":"elementor_header_footer","meta":{"footnotes":""},"class_list":["post-990089","page","type-page","status-publish","hentry"],"_links":{"self":[{"href":"https:\/\/backheritage.artover.fr\/fr\/wp-json\/wp\/v2\/pages\/990089","targetHints":{"allow":["GET"]}}],"collection":[{"href":"https:\/\/backheritage.artover.fr\/fr\/wp-json\/wp\/v2\/pages"}],"about":[{"href":"https:\/\/backheritage.artover.fr\/fr\/wp-json\/wp\/v2\/types\/page"}],"author":[{"embeddable":true,"href":"https:\/\/backheritage.artover.fr\/fr\/wp-json\/wp\/v2\/users\/1"}],"replies":[{"embeddable":true,"href":"https:\/\/backheritage.artover.fr\/fr\/wp-json\/wp\/v2\/comments?post=990089"}],"version-history":[{"count":1,"href":"https:\/\/backheritage.artover.fr\/fr\/wp-json\/wp\/v2\/pages\/990089\/revisions"}],"predecessor-version":[{"id":990090,"href":"https:\/\/backheritage.artover.fr\/fr\/wp-json\/wp\/v2\/pages\/990089\/revisions\/990090"}],"wp:attachment":[{"href":"https:\/\/backheritage.artover.fr\/fr\/wp-json\/wp\/v2\/media?parent=990089"}],"curies":[{"name":"wp","href":"https:\/\/api.w.org\/{rel}","templated":true}]}}