{"id":990093,"date":"2025-02-19T13:36:52","date_gmt":"2025-02-19T13:36:52","guid":{"rendered":"https:\/\/heritage.artover.fr\/conditions-generales\/"},"modified":"2025-12-04T12:20:57","modified_gmt":"2025-12-04T12:20:57","slug":"conditions-generales","status":"publish","type":"page","link":"https:\/\/backheritage.artover.fr\/fr\/conditions-generales\/","title":{"rendered":"Conditions g\u00e9n\u00e9rales"},"content":{"rendered":"\t\t<div data-elementor-type=\"wp-page\" data-elementor-id=\"990093\" class=\"elementor elementor-990093 elementor-1090\" data-elementor-post-type=\"page\">\n\t\t\t\t<div class=\"elementor-element elementor-element-b6f3875 e-flex e-con-boxed e-con e-parent\" data-id=\"b6f3875\" data-element_type=\"container\">\n\t\t\t\t\t<div class=\"e-con-inner\">\n\t\t\t\t<div class=\"elementor-element elementor-element-490746a elementor-widget elementor-widget-text-editor\" data-id=\"490746a\" data-element_type=\"widget\" data-widget_type=\"text-editor.default\">\n\t\t\t\t<div class=\"elementor-widget-container\">\n\t\t\t\t\t\t\t\t\t<div class=\"elementor-element elementor-element-0050a05 elementor-widget__width-initial elementor-widget elementor-widget-text-editor\" data-id=\"0050a05\" data-element_type=\"widget\" data-widget_type=\"text-editor.default\"><p dir=\"ltr\">Les pr\u00e9sentes conditions d&rsquo;utilisation (ainsi que les documents auxquels il est fait r\u00e9f\u00e9rence) vous indiquent les conditions d&rsquo;utilisation selon lesquelles vous pouvez utiliser notre site web www.heritagewealth.mu (notre site), que ce soit en tant qu&rsquo;invit\u00e9 ou en tant qu&rsquo;utilisateur enregistr\u00e9. L&rsquo;utilisation de notre site comprend l&rsquo;acc\u00e8s, la navigation ou l&rsquo;inscription \u00e0 l&rsquo;utilisation de notre site. <\/p><p dir=\"ltr\">En utilisant notre site, vous confirmez que vous acceptez les pr\u00e9sentes conditions d&rsquo;utilisation et que vous vous engagez \u00e0 les respecter.<\/p><\/div>\t\t\t\t\t\t\t\t<\/div>\n\t\t\t\t<\/div>\n\t\t\t\t<div class=\"elementor-element elementor-element-bee27d1 elementor-widget elementor-widget-heading\" data-id=\"bee27d1\" data-element_type=\"widget\" data-widget_type=\"heading.default\">\n\t\t\t\t<div class=\"elementor-widget-container\">\n\t\t\t\t\t<h3 class=\"elementor-heading-title elementor-size-default\">\nConditions applicables\n<\/h3>\t\t\t\t<\/div>\n\t\t\t\t<\/div>\n\t\t\t\t<div class=\"elementor-element elementor-element-4747289 elementor-widget elementor-widget-text-editor\" data-id=\"4747289\" data-element_type=\"widget\" data-widget_type=\"text-editor.default\">\n\t\t\t\t<div class=\"elementor-widget-container\">\n\t\t\t\t\t\t\t\t\t<div class=\"elementor-element elementor-element-1e8072e elementor-widget__width-initial elementor-widget elementor-widget-text-editor\" data-id=\"1e8072e\" data-element_type=\"widget\" data-widget_type=\"text-editor.default\"><p dir=\"ltr\">Les pr\u00e9sentes conditions d&rsquo;utilisation font r\u00e9f\u00e9rence aux conditions suppl\u00e9mentaires suivantes, qui s&rsquo;appliquent \u00e9galement \u00e0 votre utilisation de notre site :<\/p><ul><li dir=\"ltr\">Notre politique de confidentialit\u00e9, qui d\u00e9finit les conditions dans lesquelles nous traitons les donn\u00e9es personnelles que nous recueillons aupr\u00e8s de vous, ou que vous nous fournissez. En utilisant notre site, vous consentez \u00e0 ce traitement et vous garantissez que toutes les donn\u00e9es que vous fournissez sont exactes. <\/li><li dir=\"ltr\">Notre politique en mati\u00e8re de cookies, qui fournit des informations sur les cookies pr\u00e9sents sur notre site.<\/li><\/ul><p dir=\"ltr\">Si vous achetez des biens sur notre site, nos conditions g\u00e9n\u00e9rales de vente s&rsquo;appliqueront aux ventes.<\/p><\/div>\t\t\t\t\t\t\t\t<\/div>\n\t\t\t\t<\/div>\n\t\t\t\t<div class=\"elementor-element elementor-element-1ff617c elementor-widget elementor-widget-heading\" data-id=\"1ff617c\" data-element_type=\"widget\" data-widget_type=\"heading.default\">\n\t\t\t\t<div class=\"elementor-widget-container\">\n\t\t\t\t\t<h3 class=\"elementor-heading-title elementor-size-default\">\nInformations sur nous\n<\/h3>\t\t\t\t<\/div>\n\t\t\t\t<\/div>\n\t\t\t\t<div class=\"elementor-element elementor-element-3744fad elementor-widget elementor-widget-text-editor\" data-id=\"3744fad\" data-element_type=\"widget\" data-widget_type=\"text-editor.default\">\n\t\t\t\t<div class=\"elementor-widget-container\">\n\t\t\t\t\t\t\t\t\t<p>Notre site est exploit\u00e9 par Heritage Wealth Partners Ltd (\u00ab nous \u00bb, \u00ab notre \u00bb ou \u00ab nos \u00bb), une entreprise enregistr\u00e9e \u00e0 Maurice.<br>Bureau : E53 Avenue de La Cannelle Ebene City Ebene Maurice<\/p>\t\t\t\t\t\t\t\t<\/div>\n\t\t\t\t<\/div>\n\t\t\t\t<div class=\"elementor-element elementor-element-7325a0b elementor-widget elementor-widget-heading\" data-id=\"7325a0b\" data-element_type=\"widget\" data-widget_type=\"heading.default\">\n\t\t\t\t<div class=\"elementor-widget-container\">\n\t\t\t\t\t<h3 class=\"elementor-heading-title elementor-size-default\">\nModifications apport\u00e9es \u00e0 notre site\n<\/h3>\t\t\t\t<\/div>\n\t\t\t\t<\/div>\n\t\t\t\t<div class=\"elementor-element elementor-element-ea63ad5 elementor-widget elementor-widget-text-editor\" data-id=\"ea63ad5\" data-element_type=\"widget\" data-widget_type=\"text-editor.default\">\n\t\t\t\t<div class=\"elementor-widget-container\">\n\t\t\t\t\t\t\t\t\t<p dir=\"ltr\">Nous pouvons mettre \u00e0 jour notre site de temps \u00e0 autre et modifier le contenu \u00e0 tout moment. Toutefois, veuillez noter que le contenu de notre site peut \u00eatre obsol\u00e8te \u00e0 un moment donn\u00e9, et nous ne sommes nullement tenus de le mettre \u00e0 jour. <\/p><p>Si vous visitez notre page de connexion, nous installerons un cookie temporaire pour d\u00e9terminer si votre navigateur accepte les cookies. Ce cookie ne contient aucune donn\u00e9e personnelle et est supprim\u00e9 lorsque vous fermez votre navigateur. Lorsque vous vous connectez, nous installons \u00e9galement plusieurs cookies pour enregistrer vos informations de connexion et vos choix d&rsquo;affichage \u00e0 l&rsquo;\u00e9cran. Les cookies de connexion durent deux jours et les cookies d&rsquo;options d&rsquo;\u00e9cran durent un an. Si vous s\u00e9lectionnez \u00ab Se souvenir de moi \u00bb, votre connexion sera maintenue pendant deux semaines.    <\/p><p>Si vous vous d\u00e9connectez de votre compte, les cookies de connexion seront supprim\u00e9s.<\/p><p>Si vous modifiez ou publiez un article, un cookie suppl\u00e9mentaire sera enregistr\u00e9 dans votre navigateur. Ce cookie ne contient aucune donn\u00e9e personnelle et indique simplement l&rsquo;ID de l&rsquo;article que vous venez de modifier. Il expire apr\u00e8s 1 jour.  <\/p>\t\t\t\t\t\t\t\t<\/div>\n\t\t\t\t<\/div>\n\t\t\t\t<div class=\"elementor-element elementor-element-d39b649 elementor-widget elementor-widget-heading\" data-id=\"d39b649\" data-element_type=\"widget\" data-widget_type=\"heading.default\">\n\t\t\t\t<div class=\"elementor-widget-container\">\n\t\t\t\t\t<h3 class=\"elementor-heading-title elementor-size-default\">\nAcc\u00e8s \u00e0 notre site\n<\/h3>\t\t\t\t<\/div>\n\t\t\t\t<\/div>\n\t\t\t\t<div class=\"elementor-element elementor-element-a983c92 elementor-widget elementor-widget-text-editor\" data-id=\"a983c92\" data-element_type=\"widget\" data-widget_type=\"text-editor.default\">\n\t\t\t\t<div class=\"elementor-widget-container\">\n\t\t\t\t\t\t\t\t\t<div class=\"elementor-element elementor-element-2a3ca48 elementor-widget__width-initial elementor-widget elementor-widget-text-editor\" data-id=\"2a3ca48\" data-element_type=\"widget\" data-widget_type=\"text-editor.default\"><p dir=\"ltr\">Notre site est mis \u00e0 disposition gratuitement.<\/p><p dir=\"ltr\">Nous ne garantissons pas que notre site, ou tout contenu qu&rsquo;il contient, sera toujours disponible ou ininterrompu. L&rsquo;acc\u00e8s \u00e0 notre site est autoris\u00e9 \u00e0 titre temporaire. Nous pouvons suspendre, retirer, interrompre ou modifier tout ou partie de notre site sans pr\u00e9avis. Nous ne serons pas responsables envers vous si, pour une raison quelconque, notre site est indisponible \u00e0 un moment donn\u00e9 ou pendant une p\u00e9riode donn\u00e9e.   <\/p><p dir=\"ltr\">Il vous incombe de prendre toutes les dispositions n\u00e9cessaires pour avoir acc\u00e8s \u00e0 notre site.<\/p><p dir=\"ltr\">Il vous incombe \u00e9galement de veiller \u00e0 ce que toutes les personnes qui acc\u00e8dent \u00e0 notre site par le biais de votre connexion Internet connaissent les pr\u00e9sentes conditions d&rsquo;utilisation et les autres conditions g\u00e9n\u00e9rales applicables, et qu&rsquo;elles s&rsquo;y conforment.<\/p><\/div><p>Ces sites web peuvent collecter des donn\u00e9es vous concernant, utiliser des cookies, int\u00e9grer un suivi suppl\u00e9mentaire de tiers et surveiller votre interaction avec ce contenu int\u00e9gr\u00e9, y compris le suivi de votre interaction avec le contenu int\u00e9gr\u00e9 si vous avez un compte et \u00eates connect\u00e9 \u00e0 ce site web.<\/p>\t\t\t\t\t\t\t\t<\/div>\n\t\t\t\t<\/div>\n\t\t\t\t<div class=\"elementor-element elementor-element-2e4af4a elementor-widget elementor-widget-heading\" data-id=\"2e4af4a\" data-element_type=\"widget\" data-widget_type=\"heading.default\">\n\t\t\t\t<div class=\"elementor-widget-container\">\n\t\t\t\t\t<h3 class=\"elementor-heading-title elementor-size-default\">\nVotre compte et votre mot de passe\n<\/h3>\t\t\t\t<\/div>\n\t\t\t\t<\/div>\n\t\t\t\t<div class=\"elementor-element elementor-element-1c11813 elementor-widget elementor-widget-text-editor\" data-id=\"1c11813\" data-element_type=\"widget\" data-widget_type=\"text-editor.default\">\n\t\t\t\t<div class=\"elementor-widget-container\">\n\t\t\t\t\t\t\t\t\t<div class=\"elementor-element elementor-element-73b1b5d elementor-widget__width-initial elementor-widget elementor-widget-text-editor\" data-id=\"73b1b5d\" data-element_type=\"widget\" data-widget_type=\"text-editor.default\"><p dir=\"ltr\">Si vous choisissez, ou si l&rsquo;on vous fournit, un code d&rsquo;identification d&rsquo;utilisateur, un mot de passe ou toute autre information dans le cadre de nos proc\u00e9dures de s\u00e9curit\u00e9, vous devez traiter ces informations comme confidentielles. Vous ne devez pas les divulguer \u00e0 un tiers. <\/p><p dir=\"ltr\">Nous avons le droit de d\u00e9sactiver tout code d&rsquo;identification d&rsquo;utilisateur ou mot de passe, qu&rsquo;il ait \u00e9t\u00e9 choisi par vous ou attribu\u00e9 par nous, \u00e0 tout moment, si, selon notre opinion raisonnable, vous n&rsquo;avez pas respect\u00e9 l&rsquo;une des dispositions des pr\u00e9sentes conditions d&rsquo;utilisation.<\/p><\/div>\t\t\t\t\t\t\t\t<\/div>\n\t\t\t\t<\/div>\n\t\t\t\t<div class=\"elementor-element elementor-element-7a952a9 elementor-widget elementor-widget-heading\" data-id=\"7a952a9\" data-element_type=\"widget\" data-widget_type=\"heading.default\">\n\t\t\t\t<div class=\"elementor-widget-container\">\n\t\t\t\t\t<h3 class=\"elementor-heading-title elementor-size-default\">\nDroits de propri\u00e9t\u00e9 intellectuelle\n<\/h3>\t\t\t\t<\/div>\n\t\t\t\t<\/div>\n\t\t\t\t<div class=\"elementor-element elementor-element-500d7a6 elementor-widget elementor-widget-text-editor\" data-id=\"500d7a6\" data-element_type=\"widget\" data-widget_type=\"text-editor.default\">\n\t\t\t\t<div class=\"elementor-widget-container\">\n\t\t\t\t\t\t\t\t\t<div class=\"elementor-element elementor-element-39c17e3 elementor-widget__width-initial elementor-widget elementor-widget-text-editor\" data-id=\"39c17e3\" data-element_type=\"widget\" data-widget_type=\"text-editor.default\"><p dir=\"ltr\">Nous sommes le propri\u00e9taire ou le titulaire de licence de tous les droits de propri\u00e9t\u00e9 intellectuelle de notre site, et du mat\u00e9riel qui y est publi\u00e9. Ces \u0153uvres sont prot\u00e9g\u00e9es par les lois et trait\u00e9s sur le droit d&rsquo;auteur dans le monde entier. Tous ces droits sont r\u00e9serv\u00e9s.  <\/p><p dir=\"ltr\">Vous ne devez pas modifier les copies papier ou num\u00e9riques des documents que vous avez imprim\u00e9s ou t\u00e9l\u00e9charg\u00e9s de quelque mani\u00e8re que ce soit, et vous ne devez pas utiliser d&rsquo;illustrations, d&rsquo;images de campagne, de s\u00e9quences vid\u00e9o ou audio ou de graphiques s\u00e9par\u00e9ment du texte qui les accompagne.<\/p><p dir=\"ltr\">Notre statut (et celui de tout contributeur identifi\u00e9) en tant qu&rsquo;auteurs du contenu de notre site doit toujours \u00eatre reconnu.<\/p><p dir=\"ltr\">Vous ne devez pas utiliser une partie quelconque du contenu de notre site \u00e0 des fins commerciales sans obtenir une licence \u00e0 cet effet aupr\u00e8s de nous ou de nos conc\u00e9dants de licence.<\/p><p dir=\"ltr\">Si vous imprimez, copiez ou t\u00e9l\u00e9chargez une partie quelconque de notre site en violation des pr\u00e9sentes conditions d&rsquo;utilisation, votre droit d&rsquo;utiliser notre site cessera imm\u00e9diatement et vous devrez, \u00e0 notre discr\u00e9tion, renvoyer ou d\u00e9truire toutes les copies des documents que vous avez r\u00e9alis\u00e9es.<\/p><\/div>\t\t\t\t\t\t\t\t<\/div>\n\t\t\t\t<\/div>\n\t\t\t\t<div class=\"elementor-element elementor-element-9230a77 elementor-widget elementor-widget-heading\" data-id=\"9230a77\" data-element_type=\"widget\" data-widget_type=\"heading.default\">\n\t\t\t\t<div class=\"elementor-widget-container\">\n\t\t\t\t\t<h3 class=\"elementor-heading-title elementor-size-default\">\nAbsence de confiance dans les informations\n<\/h3>\t\t\t\t<\/div>\n\t\t\t\t<\/div>\n\t\t\t\t<div class=\"elementor-element elementor-element-4533a10 elementor-widget elementor-widget-text-editor\" data-id=\"4533a10\" data-element_type=\"widget\" data-widget_type=\"text-editor.default\">\n\t\t\t\t<div class=\"elementor-widget-container\">\n\t\t\t\t\t\t\t\t\t<div class=\"elementor-element elementor-element-5944598 elementor-widget__width-initial elementor-widget elementor-widget-text-editor\" data-id=\"5944598\" data-element_type=\"widget\" data-widget_type=\"text-editor.default\"><p dir=\"ltr\">Le contenu de notre site est fourni \u00e0 titre d&rsquo;information g\u00e9n\u00e9rale uniquement. Il n&rsquo;est pas destin\u00e9 \u00e0 constituer un conseil sur lequel vous devriez vous fier. Vous devez obtenir un avis professionnel ou sp\u00e9cialis\u00e9 avant d&rsquo;entreprendre ou de vous abstenir d&rsquo;entreprendre toute action sur la base du contenu de notre site.  <\/p><p dir=\"ltr\">Bien que nous d\u00e9ployions des efforts raisonnables pour mettre \u00e0 jour les informations sur notre site, nous ne faisons aucune d\u00e9claration, garantie ou assurance, expresse ou implicite, que le contenu de notre site est exact, complet ou \u00e0 jour.<\/p><\/div>\t\t\t\t\t\t\t\t<\/div>\n\t\t\t\t<\/div>\n\t\t\t\t<div class=\"elementor-element elementor-element-383cddd elementor-widget elementor-widget-heading\" data-id=\"383cddd\" data-element_type=\"widget\" data-widget_type=\"heading.default\">\n\t\t\t\t<div class=\"elementor-widget-container\">\n\t\t\t\t\t<h3 class=\"elementor-heading-title elementor-size-default\">\nLimitation de notre responsabilit\u00e9\n<\/h3>\t\t\t\t<\/div>\n\t\t\t\t<\/div>\n\t\t\t\t<div class=\"elementor-element elementor-element-3944628 elementor-widget elementor-widget-text-editor\" data-id=\"3944628\" data-element_type=\"widget\" data-widget_type=\"text-editor.default\">\n\t\t\t\t<div class=\"elementor-widget-container\">\n\t\t\t\t\t\t\t\t\t<div class=\"elementor-element elementor-element-cc91808 elementor-widget__width-initial elementor-widget elementor-widget-text-editor\" data-id=\"cc91808\" data-element_type=\"widget\" data-widget_type=\"text-editor.default\"><p dir=\"ltr\">Nous ne serons pas responsables envers un utilisateur de toute perte ou dommage, que ce soit en mati\u00e8re contractuelle, d\u00e9lictuelle (y compris la n\u00e9gligence), de violation d&rsquo;une obligation l\u00e9gale ou autre, m\u00eame si cela est pr\u00e9visible, d\u00e9coulant de ou en relation avec :<\/p><ul><li dir=\"ltr\">l&rsquo;utilisation ou l&rsquo;impossibilit\u00e9 d&rsquo;utiliser notre site ; ou<\/li><li dir=\"ltr\">l&rsquo;utilisation ou la confiance accord\u00e9e \u00e0 tout contenu affich\u00e9 sur notre site.<\/li><\/ul><p dir=\"ltr\">Si vous \u00eates un utilisateur professionnel, veuillez noter qu&rsquo;en particulier, nous ne serons pas responsables de :<\/p><ul><li dir=\"ltr\">la perte de profits, de ventes, d&rsquo;affaires ou de revenus ;<\/li><li dir=\"ltr\">l&rsquo;interruption d&rsquo;activit\u00e9 ;<\/li><li dir=\"ltr\">la perte d&rsquo;\u00e9conomies anticip\u00e9es ;<\/li><li dir=\"ltr\">la perte d&rsquo;opportunit\u00e9s commerciales, de client\u00e8le ou de r\u00e9putation ; ou<\/li><li dir=\"ltr\">tout dommage ou perte indirect(e) ou cons\u00e9cutif(ve). Heritage Wealth Partners Ltd ne saurait \u00eatre tenue responsable de<\/li><\/ul><p>1. Toute perte de profits directe, indirecte, accessoire, cons\u00e9cutive ou tout dommage sp\u00e9cial<br>2. Toute perte, blessure ou accident d\u00e9coulant de l&rsquo;utilisation de ces donn\u00e9es, conseils ou autres informations qu&rsquo;il contient.<\/p><p dir=\"ltr\">Vous vous engagez \u00e0 ne pas utiliser notre site \u00e0 des fins commerciales ou professionnelles, et nous n&rsquo;avons aucune responsabilit\u00e9 envers vous pour toute perte de profit, perte d&rsquo;activit\u00e9, interruption d&rsquo;activit\u00e9 ou perte d&rsquo;opportunit\u00e9 commerciale.<\/p><p dir=\"ltr\">Nous ne serons pas responsables de toute perte ou dommage caus\u00e9 par un virus, une attaque par d\u00e9ni de service distribu\u00e9 ou tout autre mat\u00e9riel technologiquement nuisible qui pourrait infecter votre \u00e9quipement informatique, vos programmes informatiques, vos donn\u00e9es ou tout autre mat\u00e9riel exclusif en raison de votre utilisation de notre site ou de votre t\u00e9l\u00e9chargement de tout contenu sur celui-ci, ou sur tout site web li\u00e9 \u00e0 celui-ci.<\/p><p dir=\"ltr\">Nous ne serons pas responsables des \u00ab pertes, quelles qu&rsquo;elles soient, r\u00e9sultant de l&rsquo;utilisation des informations contenues sur ce site web ou auxquelles il est possible d&rsquo;acc\u00e9der \u00e0 partir de l&rsquo;un des sites web hyperli\u00e9s.<\/p><p dir=\"ltr\">Diff\u00e9rentes limitations et exclusions de responsabilit\u00e9 s&rsquo;appliqueront \u00e0 la responsabilit\u00e9 d\u00e9coulant de la fourniture de biens par notre utilisation \u00e0 votre intention, qui seront \u00e9nonc\u00e9es dans nos conditions g\u00e9n\u00e9rales de vente.<\/p><\/div>\t\t\t\t\t\t\t\t<\/div>\n\t\t\t\t<\/div>\n\t\t\t\t<div class=\"elementor-element elementor-element-8f56251 elementor-widget elementor-widget-heading\" data-id=\"8f56251\" data-element_type=\"widget\" data-widget_type=\"heading.default\">\n\t\t\t\t<div class=\"elementor-widget-container\">\n\t\t\t\t\t<h3 class=\"elementor-heading-title elementor-size-default\">\n\nLiens vers notre site\n\n<\/h3>\t\t\t\t<\/div>\n\t\t\t\t<\/div>\n\t\t\t\t<div class=\"elementor-element elementor-element-59a6369 elementor-widget elementor-widget-text-editor\" data-id=\"59a6369\" data-element_type=\"widget\" data-widget_type=\"text-editor.default\">\n\t\t\t\t<div class=\"elementor-widget-container\">\n\t\t\t\t\t\t\t\t\t<div class=\"elementor-element elementor-element-5944598 elementor-widget__width-initial elementor-widget elementor-widget-text-editor\" data-id=\"5944598\" data-element_type=\"widget\" data-widget_type=\"text-editor.default\"><div class=\"elementor-element elementor-element-75d9b14 elementor-widget__width-initial elementor-widget elementor-widget-text-editor\" data-id=\"75d9b14\" data-element_type=\"widget\" data-widget_type=\"text-editor.default\"><div class=\"wpb_wrapper\"><p dir=\"ltr\">Vous pouvez cr\u00e9er un lien vers notre page d&rsquo;accueil, \u00e0 condition de le faire d&rsquo;une mani\u00e8re \u00e9quitable et l\u00e9gale qui ne nuise pas \u00e0 notre r\u00e9putation et n&rsquo;en tire pas profit.<\/p><p dir=\"ltr\">Vous ne devez pas \u00e9tablir de lien d&rsquo;une mani\u00e8re qui sugg\u00e8re une forme d&rsquo;association, d&rsquo;approbation ou de soutien de notre part l\u00e0 o\u00f9 il n&rsquo;en existe pas.<\/p><p dir=\"ltr\">Vous ne devez pas \u00e9tablir de lien vers notre site sur un site web qui ne vous appartient pas.<\/p><p dir=\"ltr\">Notre site ne doit pas \u00eatre encadr\u00e9 sur un autre site, et vous ne pouvez pas cr\u00e9er de lien vers une partie de notre site autre que la page d&rsquo;accueil.<\/p><p dir=\"ltr\">Nous nous r\u00e9servons le droit de retirer l&rsquo;autorisation de cr\u00e9er des liens sans pr\u00e9avis.<\/p><p dir=\"ltr\">Si vous souhaitez utiliser le contenu de notre site d&rsquo;une mani\u00e8re autre que celle indiqu\u00e9e ci-dessus, veuillez contacter <span class=\"elementor-icon-list-text\">info@heritagewealth.mu<\/span><\/p><p dir=\"ltr\">Liens et ressources de tiers sur notre site<\/p><p dir=\"ltr\">Lorsque notre site contient des liens vers d&rsquo;autres sites et ressources fournis par des tiers, ces liens sont fournis \u00e0 titre d&rsquo;information uniquement.<\/p><p dir=\"ltr\">Nous n&rsquo;avons aucun contr\u00f4le sur le contenu de ces sites ou ressources.<\/p><\/div><p dir=\"ltr\">Ce site web propose des liens vers d&rsquo;autres sites web uniquement par commodit\u00e9. Heritage Wealth Partners Ltd ne contr\u00f4le pas les sites li\u00e9s et n&rsquo;est pas responsable de leur contenu ou de toute modification ou mise \u00e0 jour de ces sites. <\/p><\/div><\/div>\t\t\t\t\t\t\t\t<\/div>\n\t\t\t\t<\/div>\n\t\t\t\t<div class=\"elementor-element elementor-element-64fc6e8 elementor-widget elementor-widget-heading\" data-id=\"64fc6e8\" data-element_type=\"widget\" data-widget_type=\"heading.default\">\n\t\t\t\t<div class=\"elementor-widget-container\">\n\t\t\t\t\t<h3 class=\"elementor-heading-title elementor-size-default\">\n\n\nContactez-nous\n\n\n<\/h3>\t\t\t\t<\/div>\n\t\t\t\t<\/div>\n\t\t\t\t<div class=\"elementor-element elementor-element-9f48508 elementor-widget elementor-widget-text-editor\" data-id=\"9f48508\" data-element_type=\"widget\" data-widget_type=\"text-editor.default\">\n\t\t\t\t<div class=\"elementor-widget-container\">\n\t\t\t\t\t\t\t\t\t<p>Heritage Wealth Partners Ltd<br>E53 Avenue de La Cannelle Ebene City Ebene Maurice <\/p><p>Courriel : info@heritagewealth.mu<br>T\u00e9l. : (+230) 408 4130<\/p>\t\t\t\t\t\t\t\t<\/div>\n\t\t\t\t<\/div>\n\t\t\t\t\t<\/div>\n\t\t\t\t<\/div>\n\t\t\t\t<\/div>\n\t\t","protected":false},"excerpt":{"rendered":"<p>Les pr\u00e9sentes conditions d&rsquo;utilisation (ainsi que les documents auxquels il est fait r\u00e9f\u00e9rence) vous indiquent les conditions d&rsquo;utilisation selon lesquelles vous pouvez utiliser notre site web www.heritagewealth.mu (notre site), que ce soit en tant qu&rsquo;invit\u00e9 ou en tant qu&rsquo;utilisateur enregistr\u00e9. L&rsquo;utilisation de notre site comprend l&rsquo;acc\u00e8s, la navigation ou l&rsquo;inscription \u00e0 l&rsquo;utilisation de notre site&#8230;.<\/p>\n","protected":false},"author":1,"featured_media":0,"parent":0,"menu_order":0,"comment_status":"closed","ping_status":"closed","template":"","meta":{"footnotes":""},"class_list":["post-990093","page","type-page","status-publish","hentry"],"_links":{"self":[{"href":"https:\/\/backheritage.artover.fr\/fr\/wp-json\/wp\/v2\/pages\/990093","targetHints":{"allow":["GET"]}}],"collection":[{"href":"https:\/\/backheritage.artover.fr\/fr\/wp-json\/wp\/v2\/pages"}],"about":[{"href":"https:\/\/backheritage.artover.fr\/fr\/wp-json\/wp\/v2\/types\/page"}],"author":[{"embeddable":true,"href":"https:\/\/backheritage.artover.fr\/fr\/wp-json\/wp\/v2\/users\/1"}],"replies":[{"embeddable":true,"href":"https:\/\/backheritage.artover.fr\/fr\/wp-json\/wp\/v2\/comments?post=990093"}],"version-history":[{"count":4,"href":"https:\/\/backheritage.artover.fr\/fr\/wp-json\/wp\/v2\/pages\/990093\/revisions"}],"predecessor-version":[{"id":990190,"href":"https:\/\/backheritage.artover.fr\/fr\/wp-json\/wp\/v2\/pages\/990093\/revisions\/990190"}],"wp:attachment":[{"href":"https:\/\/backheritage.artover.fr\/fr\/wp-json\/wp\/v2\/media?parent=990093"}],"curies":[{"name":"wp","href":"https:\/\/api.w.org\/{rel}","templated":true}]}}