{"id":990096,"date":"2025-02-19T13:37:15","date_gmt":"2025-02-19T13:37:15","guid":{"rendered":"https:\/\/heritage.artover.fr\/politique-de-confidentialite\/"},"modified":"2025-12-03T12:46:21","modified_gmt":"2025-12-03T12:46:21","slug":"politique-de-confidentialite","status":"publish","type":"page","link":"https:\/\/backheritage.artover.fr\/fr\/politique-de-confidentialite\/","title":{"rendered":"Politique de confidentialit\u00e9"},"content":{"rendered":"\t\t<div data-elementor-type=\"wp-page\" data-elementor-id=\"990096\" class=\"elementor elementor-990096 elementor-1092\" data-elementor-post-type=\"page\">\n\t\t\t\t<div class=\"elementor-element elementor-element-c1e8912 e-flex e-con-boxed e-con e-parent\" data-id=\"c1e8912\" data-element_type=\"container\">\n\t\t\t\t\t<div class=\"e-con-inner\">\n\t\t\t\t<div class=\"elementor-element elementor-element-1b6c455 elementor-widget elementor-widget-text-editor\" data-id=\"1b6c455\" data-element_type=\"widget\" data-widget_type=\"text-editor.default\">\n\t\t\t\t<div class=\"elementor-widget-container\">\n\t\t\t\t\t\t\t\t\t<div class=\"elementor-element elementor-element-0050a05 elementor-widget__width-initial elementor-widget elementor-widget-text-editor\" data-id=\"0050a05\" data-element_type=\"widget\" data-widget_type=\"text-editor.default\"><p dir=\"ltr\">Heritage Wealth Partners Ltd s&rsquo;engage \u00e0 respecter votre droit \u00e0 la confidentialit\u00e9 et n&rsquo;utilisera vos donn\u00e9es que conform\u00e9ment \u00e0 notre Politique de confidentialit\u00e9 ci-dessous. Veuillez lire attentivement ces informations. www.heritagewealth.mu (le \u00ab Site Web \u00bb) est d\u00e9tenu et exploit\u00e9 par Heritage Wealth Partners Ltd, une soci\u00e9t\u00e9 enregistr\u00e9e \u00e0 Maurice. Si\u00e8ge social : E 53 Avenue De La Cannelle Ebene City Ebene Maurice    <\/p><p dir=\"ltr\">Les termes \u00ab nous \u00bb, \u00ab notre \u00bb et \u00ab nos \u00bb utilis\u00e9s dans cette Politique de confidentialit\u00e9 d\u00e9signent Heritage Wealth Partners Ltd. Les termes \u00ab vous \u00bb et \u00ab votre \u00bb utilis\u00e9s dans cette Politique de confidentialit\u00e9 vous d\u00e9signent en tant qu&rsquo;utilisateur de notre Site Web. <\/p><p dir=\"ltr\">En utilisant notre Site Web et en soumettant des informations, vous consentez \u00e0 la collecte et \u00e0 l&rsquo;utilisation de vos informations personnelles par Heritage Wealth Partners Ltd comme d\u00e9crit dans cette Politique de confidentialit\u00e9.<\/p><p dir=\"ltr\">Nous modifions occasionnellement notre Politique de confidentialit\u00e9 et publierons ces changements sur cette page afin que vous soyez toujours inform\u00e9 des informations que nous collectons, de la fa\u00e7on dont nous les utilisons et dans quelles circonstances nous les divulguons. Veuillez consulter fr\u00e9quemment notre Politique de confidentialit\u00e9 pour vous assurer d&rsquo;\u00eatre au courant des modifications.  <\/p><\/div>\t\t\t\t\t\t\t\t<\/div>\n\t\t\t\t<\/div>\n\t\t\t\t<div class=\"elementor-element elementor-element-19b6271 elementor-widget elementor-widget-heading\" data-id=\"19b6271\" data-element_type=\"widget\" data-widget_type=\"heading.default\">\n\t\t\t\t<div class=\"elementor-widget-container\">\n\t\t\t\t\t<h3 class=\"elementor-heading-title elementor-size-default\">\n1. INFORMATIONS QUE NOUS POUVONS COLLECTER ET COMMENT NOUS LES UTILISONS<\/h3>\t\t\t\t<\/div>\n\t\t\t\t<\/div>\n\t\t\t\t<div class=\"elementor-element elementor-element-eb7bd66 elementor-widget elementor-widget-text-editor\" data-id=\"eb7bd66\" data-element_type=\"widget\" data-widget_type=\"text-editor.default\">\n\t\t\t\t<div class=\"elementor-widget-container\">\n\t\t\t\t\t\t\t\t\t<div class=\"elementor-element elementor-element-1e8072e elementor-widget__width-initial elementor-widget elementor-widget-text-editor\" data-id=\"1e8072e\" data-element_type=\"widget\" data-widget_type=\"text-editor.default\"><p dir=\"ltr\">Heritage Wealth Partners Ltd collecte les informations suivantes vous concernant lorsque vous utilisez le Site Web : informations que vous fournissez en remplissant les formulaires sur notre Site Web. Nous pouvons collecter des informations personnelles (par exemple votre nom, adresse e-mail, adresse postale et num\u00e9ro de t\u00e9l\u00e9phone). Nous pouvons \u00e9galement vous demander des informations lorsque vous signalez un probl\u00e8me avec le Site Web, la correspondance ou un enregistrement de celle-ci si vous nous contactez, des enqu\u00eates que Heritage Wealth Partners Ltd peut utiliser \u00e0 des fins de recherche, que nous vous avons demand\u00e9 de remplir, bien que vous ne soyez pas oblig\u00e9 d&rsquo;y r\u00e9pondre. Informations collect\u00e9es par nous lorsque vous utilisez le Site Web. Heritage Wealth Partners Ltd collecte et stocke les informations transmises par votre ordinateur lorsque vous utilisez notre Site Web. Cela peut inclure votre adresse IP, les donn\u00e9es du navigateur et les informations que nous recevons des cookies et les d\u00e9tails des transactions que vous effectuez via notre Site Web et l&rsquo;ex\u00e9cution de vos commandes, y compris votre adresse de livraison si elle est diff\u00e9rente de votre adresse personnelle.     <\/p><p dir=\"ltr\">Notre site web peut \u00e9galement utiliser un service d&rsquo;enregistrement de site web, SessionCam, qui peut enregistrer les clics de souris, les mouvements de souris, le d\u00e9filement des pages et tout texte saisi dans les formulaires du site web.<\/p><p dir=\"ltr\">Nous pouvons utiliser ces informations des mani\u00e8res suivantes pour vous fournir notre service en tant qu&rsquo;utilisateur du Site Web, y compris le traitement et l&rsquo;ex\u00e9cution de vos commandes et l&rsquo;am\u00e9lioration de votre exp\u00e9rience utilisateur, \u00e0 travers un profil de vos informations personnelles.<\/p><p dir=\"ltr\">Pour ex\u00e9cuter nos obligations d\u00e9coulant de tout contrat conclu entre vous et nous pour vous fournir des newsletters et d&rsquo;autres informations sur les fonctionnalit\u00e9s de notre Site Web ou les produits qui pourraient vous int\u00e9resser et pour des fins marketing connexes, y compris des communications personnalis\u00e9es \u00e0 travers un profil de vos informations personnelles.<\/p><p dir=\"ltr\">Si vous nous avez soumis vos coordonn\u00e9es \u00e0 ces fins ou avez autrement donn\u00e9 votre consentement pour que nous le fassions pour nous assurer que le contenu de notre Site Web est pr\u00e9sent\u00e9 de la mani\u00e8re la plus efficace pour vous et votre ordinateur pour vous identifier lorsque vous visitez le Site Web, y compris pour vous aider \u00e0 vous connecter pour vous informer des modifications apport\u00e9es \u00e0 notre Site Web pour aider \u00e0 diagnostiquer les probl\u00e8mes avec notre site web ou serveur, et pour administrer le Site Web et pour surveiller le Site Web pour la d\u00e9tection et la pr\u00e9vention de la fraude pour administrer les tirages au sort ou les concours auxquels vous pourriez participer pour l&rsquo;\u00e9valuation et l&rsquo;analyse (par exemple, analyse du march\u00e9, des clients et des produits) et pour le marketing de produits et services tiers aupr\u00e8s de vous, si vous avez donn\u00e9 votre consentement pour cela. <\/p><\/div>\t\t\t\t\t\t\t\t<\/div>\n\t\t\t\t<\/div>\n\t\t\t\t<div class=\"elementor-element elementor-element-7bff451 elementor-widget elementor-widget-heading\" data-id=\"7bff451\" data-element_type=\"widget\" data-widget_type=\"heading.default\">\n\t\t\t\t<div class=\"elementor-widget-container\">\n\t\t\t\t\t<h3 class=\"elementor-heading-title elementor-size-default\">\n2. VOTRE CONSENTEMENT\n<\/h3>\t\t\t\t<\/div>\n\t\t\t\t<\/div>\n\t\t\t\t<div class=\"elementor-element elementor-element-e10cf8e elementor-widget elementor-widget-text-editor\" data-id=\"e10cf8e\" data-element_type=\"widget\" data-widget_type=\"text-editor.default\">\n\t\t\t\t<div class=\"elementor-widget-container\">\n\t\t\t\t\t\t\t\t\t<div class=\"elementor-element elementor-element-c18507e elementor-widget__width-initial elementor-widget elementor-widget-text-editor\" data-id=\"c18507e\" data-element_type=\"widget\" data-widget_type=\"text-editor.default\"><p>En utilisant notre Site Web et en soumettant des informations \u00e0 Heritage Wealth Partners Ltd, vous consentez \u00e0 la collecte et \u00e0 l&rsquo;utilisation de vos informations personnelles par Heritage Wealth Partners Ltd comme d\u00e9crit dans la section 1 ci-dessus et au partage des donn\u00e9es par Heritage Wealth Partners Ltd avec des tiers conform\u00e9ment \u00e0 la section ci-dessous.<\/p><\/div>\t\t\t\t\t\t\t\t<\/div>\n\t\t\t\t<\/div>\n\t\t\t\t<div class=\"elementor-element elementor-element-28fa2d6 elementor-widget elementor-widget-heading\" data-id=\"28fa2d6\" data-element_type=\"widget\" data-widget_type=\"heading.default\">\n\t\t\t\t<div class=\"elementor-widget-container\">\n\t\t\t\t\t<h3 class=\"elementor-heading-title elementor-size-default\">\n3. COMMENT NOUS PARTAGEONS VOS INFORMATIONS\n<\/h3>\t\t\t\t<\/div>\n\t\t\t\t<\/div>\n\t\t\t\t<div class=\"elementor-element elementor-element-6784975 elementor-widget elementor-widget-text-editor\" data-id=\"6784975\" data-element_type=\"widget\" data-widget_type=\"text-editor.default\">\n\t\t\t\t<div class=\"elementor-widget-container\">\n\t\t\t\t\t\t\t\t\t<div class=\"elementor-element elementor-element-adb5ddd elementor-widget__width-initial elementor-widget elementor-widget-text-editor\" data-id=\"adb5ddd\" data-element_type=\"widget\" data-widget_type=\"text-editor.default\"><p dir=\"ltr\">Heritage Wealth Partners Ltd peut partager vos informations personnelles avec des tiers dans les circonstances suivantes : \u00e0 des fins marketing, \u00e0 condition que vous consentiez \u00e0 ce que nous partagions ces informations avec des tiers en nous le notifiant via notre Site Web ou dans d&rsquo;autres communications ; \u00e0 nos partenaires et prestataires de services (par exemple, les personnes qui fournissent des services techniques au Site Web) dans le but de g\u00e9rer ou d&rsquo;administrer certains aspects de notre Site Web, ou pour nous aider \u00e0 d\u00e9velopper de nouveaux services ;<\/p><p dir=\"ltr\">Si Heritage Wealth Partners Ltd ou la quasi-totalit\u00e9 de ses actifs sont acquis par un tiers, auquel cas les donn\u00e9es personnelles que nous d\u00e9tenons sur nos clients feront partie des actifs transf\u00e9r\u00e9s ;<\/p><p dir=\"ltr\">Si nous sommes dans l&rsquo;obligation de divulguer ou de partager vos informations personnelles pour nous conformer \u00e0 toute obligation l\u00e9gale et\/ou pour appliquer ou faire appliquer tout autre accord entre vous et Heritage Wealth Partners Ltd ; ou pour prot\u00e9ger les droits, la propri\u00e9t\u00e9 ou la s\u00e9curit\u00e9 de nous-m\u00eames ou d&rsquo;autres utilisateurs du Site Web. <\/p><\/div>\t\t\t\t\t\t\t\t<\/div>\n\t\t\t\t<\/div>\n\t\t\t\t<div class=\"elementor-element elementor-element-c1b1131 elementor-widget elementor-widget-heading\" data-id=\"c1b1131\" data-element_type=\"widget\" data-widget_type=\"heading.default\">\n\t\t\t\t<div class=\"elementor-widget-container\">\n\t\t\t\t\t<h3 class=\"elementor-heading-title elementor-size-default\">\n4. VOS DROITS \u2013 MARKETING\n\n<\/h3>\t\t\t\t<\/div>\n\t\t\t\t<\/div>\n\t\t\t\t<div class=\"elementor-element elementor-element-0925075 elementor-widget elementor-widget-text-editor\" data-id=\"0925075\" data-element_type=\"widget\" data-widget_type=\"text-editor.default\">\n\t\t\t\t<div class=\"elementor-widget-container\">\n\t\t\t\t\t\t\t\t\t<div class=\"elementor-element elementor-element-2a3ca48 elementor-widget__width-initial elementor-widget elementor-widget-text-editor\" data-id=\"2a3ca48\" data-element_type=\"widget\" data-widget_type=\"text-editor.default\"><p dir=\"ltr\">Vous ne recevrez des communications marketing de notre part et\/ou de tiers que si vous y avez consenti lors de la fourniture de vos coordonn\u00e9es (ou si vous nous avez donn\u00e9 votre consentement d&rsquo;une autre mani\u00e8re \u00e0 ces fins).<\/p><p dir=\"ltr\">Vous avez le droit de nous demander de ne pas utiliser vos donn\u00e9es personnelles \u00e0 des fins marketing ou de demander l&rsquo;arr\u00eat de la r\u00e9ception d&rsquo;informations de notre part \u00e0 tout moment. Si vous souhaitez \u00eatre retir\u00e9 de notre liste de diffusion, veuillez envoyer un e-mail \u00e0 info@heritagewealth.mu avec le mot &lsquo;supprimer&rsquo; dans l&rsquo;objet et l&rsquo;adresse e-mail que vous souhaitez faire supprimer dans le corps du message.  <\/p><\/div>\t\t\t\t\t\t\t\t<\/div>\n\t\t\t\t<\/div>\n\t\t\t\t<div class=\"elementor-element elementor-element-9940b24 elementor-widget elementor-widget-heading\" data-id=\"9940b24\" data-element_type=\"widget\" data-widget_type=\"heading.default\">\n\t\t\t\t<div class=\"elementor-widget-container\">\n\t\t\t\t\t<h3 class=\"elementor-heading-title elementor-size-default\">\n\n5. ADRESSES IP ET COOKIES\n\n\n<\/h3>\t\t\t\t<\/div>\n\t\t\t\t<\/div>\n\t\t\t\t<div class=\"elementor-element elementor-element-80a4607 elementor-widget elementor-widget-text-editor\" data-id=\"80a4607\" data-element_type=\"widget\" data-widget_type=\"text-editor.default\">\n\t\t\t\t<div class=\"elementor-widget-container\">\n\t\t\t\t\t\t\t\t\t<p>Les cookies sont de petits \u00e9l\u00e9ments d&rsquo;information stock\u00e9s par votre navigateur sur le disque dur de votre ordinateur. La plupart des navigateurs web acceptent automatiquement les cookies, mais vous pouvez g\u00e9n\u00e9ralement modifier votre navigateur pour emp\u00eacher cela. Nous n&rsquo;utilisons les cookies que pour suivre les pages que vous et d&rsquo;autres visiteurs avez consult\u00e9es sur notre Site Web et pour savoir si vous avez d\u00e9j\u00e0 visit\u00e9 le Site Web afin de fournir un meilleur service, par exemple pour stocker des informations sur vos pr\u00e9f\u00e9rences et vous reconna\u00eetre lorsque vous revenez sur notre Site Web.  <\/p><p>Pour vous aider \u00e0 comprendre les cookies que nous utilisons lorsque vous visitez notre Site Web, nous avons cr\u00e9\u00e9 une Politique relative aux cookies pour vous informer de nos cookies et de la fa\u00e7on dont vous pouvez refuser de les recevoir. Veuillez cliquer ici pour lire notre Politique relative aux cookies.  <\/p>\t\t\t\t\t\t\t\t<\/div>\n\t\t\t\t<\/div>\n\t\t\t\t<div class=\"elementor-element elementor-element-70a0d9c elementor-widget elementor-widget-heading\" data-id=\"70a0d9c\" data-element_type=\"widget\" data-widget_type=\"heading.default\">\n\t\t\t\t<div class=\"elementor-widget-container\">\n\t\t\t\t\t<h3 class=\"elementor-heading-title elementor-size-default\">\n\n\n6. STOCKAGE DES DONN\u00c9ES\n\n\n\n<\/h3>\t\t\t\t<\/div>\n\t\t\t\t<\/div>\n\t\t\t\t<div class=\"elementor-element elementor-element-f33a82d elementor-widget elementor-widget-text-editor\" data-id=\"f33a82d\" data-element_type=\"widget\" data-widget_type=\"text-editor.default\">\n\t\t\t\t<div class=\"elementor-widget-container\">\n\t\t\t\t\t\t\t\t\t<div class=\"elementor-element elementor-element-39c17e3 elementor-widget__width-initial elementor-widget elementor-widget-text-editor\" data-id=\"39c17e3\" data-element_type=\"widget\" data-widget_type=\"text-editor.default\"><p dir=\"ltr\">Toutes les informations que vous nous fournissez sont stock\u00e9es sur nos serveurs s\u00e9curis\u00e9s. Lorsque nous vous avons donn\u00e9 (ou lorsque vous avez choisi) un mot de passe ou d&rsquo;autres donn\u00e9es vous permettant d&rsquo;acc\u00e9der \u00e0 certaines parties du Site Web, vous \u00eates responsable de la confidentialit\u00e9 de ce mot de passe et de toutes autres informations de connexion, et nous vous recommandons de ne pas partager votre mot de passe ou autres informations de connexion avec quiconque. Vous serez responsable de toute activit\u00e9 sous votre nom d&rsquo;utilisateur\/identifiants de connexion.  <\/p><p dir=\"ltr\">Les donn\u00e9es que nous collectons aupr\u00e8s de vous peuvent \u00eatre transf\u00e9r\u00e9es et stock\u00e9es dans une destination situ\u00e9e en dehors de l&rsquo;Espace \u00e9conomique europ\u00e9en (\u00ab EEE \u00bb). Elles peuvent \u00e9galement \u00eatre trait\u00e9es par du personnel op\u00e9rant en dehors de l&rsquo;EEE qui travaille pour nous ou pour l&rsquo;un de nos fournisseurs. Ce personnel peut \u00eatre engag\u00e9, entre autres, dans la fourniture de services de support. En soumettant vos donn\u00e9es personnelles, vous acceptez ce transfert, ce stockage ou ce traitement. Nous prendrons des mesures raisonnables pour garantir que vos donn\u00e9es sont trait\u00e9es de mani\u00e8re s\u00e9curis\u00e9e et conform\u00e9ment \u00e0 cette Politique de confidentialit\u00e9.    <\/p><p dir=\"ltr\">Malheureusement, la transmission d&rsquo;informations via Internet n&rsquo;est pas compl\u00e8tement s\u00e9curis\u00e9e. Bien que nous fassions de notre mieux pour prot\u00e9ger vos donn\u00e9es personnelles, nous ne pouvons garantir la s\u00e9curit\u00e9 de vos donn\u00e9es transmises \u00e0 notre site ; toute transmission se fait \u00e0 vos propres risques. Une fois que nous avons re\u00e7u vos informations, nous utiliserons des proc\u00e9dures strictes et des fonctionnalit\u00e9s de s\u00e9curit\u00e9 pour essayer d&#8217;emp\u00eacher tout acc\u00e8s non autoris\u00e9.   <\/p><\/div><p>Pour vous aider \u00e0 comprendre les cookies que nous utilisons lorsque vous visitez notre Site Web, nous avons cr\u00e9\u00e9 une Politique relative aux cookies pour vous informer de nos cookies et de la fa\u00e7on dont vous pouvez refuser de les recevoir. Veuillez cliquer ici pour lire notre Politique relative aux cookies.  <\/p>\t\t\t\t\t\t\t\t<\/div>\n\t\t\t\t<\/div>\n\t\t\t\t<div class=\"elementor-element elementor-element-9cef498 elementor-widget elementor-widget-heading\" data-id=\"9cef498\" data-element_type=\"widget\" data-widget_type=\"heading.default\">\n\t\t\t\t<div class=\"elementor-widget-container\">\n\t\t\t\t\t<h3 class=\"elementor-heading-title elementor-size-default\">\n7. S\u00c9CURIT\u00c9 DES TRANSACTIONS\n<\/h3>\t\t\t\t<\/div>\n\t\t\t\t<\/div>\n\t\t\t\t<div class=\"elementor-element elementor-element-f07b3b8 elementor-widget elementor-widget-text-editor\" data-id=\"f07b3b8\" data-element_type=\"widget\" data-widget_type=\"text-editor.default\">\n\t\t\t\t<div class=\"elementor-widget-container\">\n\t\t\t\t\t\t\t\t\t<p>Nous prenons tr\u00e8s au s\u00e9rieux la confidentialit\u00e9 et la s\u00e9curit\u00e9 de vos informations de paiement et de vos donn\u00e9es personnelles. Pour plus d&rsquo;informations sur les mesures que nous prenons pour prot\u00e9ger vos informations et rendre les achats en ligne aussi s\u00e9curis\u00e9s que possible.  <\/p>\t\t\t\t\t\t\t\t<\/div>\n\t\t\t\t<\/div>\n\t\t\t\t<div class=\"elementor-element elementor-element-25763cb elementor-widget elementor-widget-heading\" data-id=\"25763cb\" data-element_type=\"widget\" data-widget_type=\"heading.default\">\n\t\t\t\t<div class=\"elementor-widget-container\">\n\t\t\t\t\t<h3 class=\"elementor-heading-title elementor-size-default\">\n\n8. LIENS\n\n<\/h3>\t\t\t\t<\/div>\n\t\t\t\t<\/div>\n\t\t\t\t<div class=\"elementor-element elementor-element-bb3697d elementor-widget elementor-widget-text-editor\" data-id=\"bb3697d\" data-element_type=\"widget\" data-widget_type=\"text-editor.default\">\n\t\t\t\t<div class=\"elementor-widget-container\">\n\t\t\t\t\t\t\t\t\t<p>Veuillez noter que notre Site Web peut de temps \u00e0 autre contenir des liens vers et depuis d&rsquo;autres sites web. Si vous suivez un lien vers l&rsquo;un de ces sites web, veuillez noter que nous ne sommes pas responsables des pratiques de confidentialit\u00e9 ou du contenu de ces sites web et que les pratiques d&rsquo;information de ces sites web ne sont pas couvertes par cette Politique de confidentialit\u00e9. Veuillez v\u00e9rifier la politique de confidentialit\u00e9 individuelle de tout site web avant de leur soumettre des donn\u00e9es personnelles.   <\/p>\t\t\t\t\t\t\t\t<\/div>\n\t\t\t\t<\/div>\n\t\t\t\t<div class=\"elementor-element elementor-element-f3545ce elementor-widget elementor-widget-heading\" data-id=\"f3545ce\" data-element_type=\"widget\" data-widget_type=\"heading.default\">\n\t\t\t\t<div class=\"elementor-widget-container\">\n\t\t\t\t\t<h3 class=\"elementor-heading-title elementor-size-default\">\n\n\n9. ACC\u00c8S AUX INFORMATIONS ET MODIFICATION DE VOS COORDONN\u00c9ES\n\n\n<\/h3>\t\t\t\t<\/div>\n\t\t\t\t<\/div>\n\t\t\t\t<div class=\"elementor-element elementor-element-59f8616 elementor-widget elementor-widget-text-editor\" data-id=\"59f8616\" data-element_type=\"widget\" data-widget_type=\"text-editor.default\">\n\t\t\t\t<div class=\"elementor-widget-container\">\n\t\t\t\t\t\t\t\t\t<p>Vous avez certains droits d&rsquo;acc\u00e8s aux informations vous concernant et vous pouvez exercer ce droit en nous \u00e9crivant \u00e0 l&rsquo;adresse indiqu\u00e9e \u00e0 la section 11. Toute demande d&rsquo;acc\u00e8s peut \u00eatre soumise \u00e0 des frais de 1 500 MUR pour couvrir nos co\u00fbts de fourniture des d\u00e9tails des informations que nous d\u00e9tenons vous concernant. Vous pouvez \u00e9galement nous demander de corriger toute inexactitude factuelle dans les informations que nous d\u00e9tenons, ou de supprimer ces informations de nos registres.   <\/p>\t\t\t\t\t\t\t\t<\/div>\n\t\t\t\t<\/div>\n\t\t\t\t<div class=\"elementor-element elementor-element-125768a elementor-widget elementor-widget-heading\" data-id=\"125768a\" data-element_type=\"widget\" data-widget_type=\"heading.default\">\n\t\t\t\t<div class=\"elementor-widget-container\">\n\t\t\t\t\t<h3 class=\"elementor-heading-title elementor-size-default\">\n\n\n\n10. HAME\u00c7ONNAGE\n\n\n\n<\/h3>\t\t\t\t<\/div>\n\t\t\t\t<\/div>\n\t\t\t\t<div class=\"elementor-element elementor-element-673125c elementor-widget elementor-widget-text-editor\" data-id=\"673125c\" data-element_type=\"widget\" data-widget_type=\"text-editor.default\">\n\t\t\t\t<div class=\"elementor-widget-container\">\n\t\t\t\t\t\t\t\t\t<div class=\"elementor-element elementor-element-b5d45d8 elementor-widget__width-initial elementor-widget elementor-widget-text-editor\" data-id=\"b5d45d8\" data-element_type=\"widget\" data-widget_type=\"text-editor.default\"><p dir=\"ltr\">L&rsquo;hame\u00e7onnage est la pratique consistant \u00e0 tromper quelqu&rsquo;un pour obtenir ses coordonn\u00e9es ou informations confidentielles, par exemple, en pr\u00e9tendant faussement \u00eatre une entreprise l\u00e9gitime lors de l&rsquo;envoi d&rsquo;un e-mail \u00e0 un utilisateur dans le but d&rsquo;obtenir des informations priv\u00e9es qui seront utilis\u00e9es pour le vol d&rsquo;identit\u00e9 et la fraude.<\/p><p dir=\"ltr\">Nous ne demandons jamais \u00e0 nos clients d&rsquo;envoyer des d\u00e9tails personnels par e-mail. Si nous avons besoin de tels d\u00e9tails, pour des raisons de s\u00e9curit\u00e9, nous vous demanderons de modifier vos coordonn\u00e9es en suivant un lien s\u00e9curis\u00e9. Si vous recevez un e-mail suspect pr\u00e9tendant provenir de Heritage Wealth Partners Ltd, veuillez ne pas y r\u00e9pondre et nous en informer imm\u00e9diatement.   <\/p><\/div>\t\t\t\t\t\t\t\t<\/div>\n\t\t\t\t<\/div>\n\t\t\t\t<div class=\"elementor-element elementor-element-1fff91a elementor-widget elementor-widget-heading\" data-id=\"1fff91a\" data-element_type=\"widget\" data-widget_type=\"heading.default\">\n\t\t\t\t<div class=\"elementor-widget-container\">\n\t\t\t\t\t<h3 class=\"elementor-heading-title elementor-size-default\">\n\n\n\n\n11. CONTACT\n\n\n\n\n<\/h3>\t\t\t\t<\/div>\n\t\t\t\t<\/div>\n\t\t\t\t<div class=\"elementor-element elementor-element-8719387 elementor-widget elementor-widget-text-editor\" data-id=\"8719387\" data-element_type=\"widget\" data-widget_type=\"text-editor.default\">\n\t\t\t\t<div class=\"elementor-widget-container\">\n\t\t\t\t\t\t\t\t\t<p>Si vous avez des commentaires ou des questions concernant notre Politique de confidentialit\u00e9, veuillez envoyer un e-mail \u00e0 info@heritagewealth.mu<\/p><p>Nous ne demandons jamais \u00e0 nos clients d&rsquo;envoyer des d\u00e9tails personnels par e-mail. Si nous avons besoin de tels d\u00e9tails, pour des raisons de s\u00e9curit\u00e9, nous vous demanderons de modifier vos coordonn\u00e9es en suivant un lien s\u00e9curis\u00e9. Si vous recevez un e-mail suspect pr\u00e9tendant provenir de Heritage Wealth Partners Ltd, veuillez ne pas y r\u00e9pondre et nous en informer imm\u00e9diatement.  <\/p>\t\t\t\t\t\t\t\t<\/div>\n\t\t\t\t<\/div>\n\t\t\t\t\t<\/div>\n\t\t\t\t<\/div>\n\t\t\t\t<\/div>\n\t\t","protected":false},"excerpt":{"rendered":"<p>Heritage Wealth Partners Ltd s&rsquo;engage \u00e0 respecter votre droit \u00e0 la confidentialit\u00e9 et n&rsquo;utilisera vos donn\u00e9es que conform\u00e9ment \u00e0 notre Politique de confidentialit\u00e9 ci-dessous. Veuillez lire attentivement ces informations. www.heritagewealth.mu (le \u00ab Site Web \u00bb) est d\u00e9tenu et exploit\u00e9 par Heritage Wealth Partners Ltd, une soci\u00e9t\u00e9 enregistr\u00e9e \u00e0 Maurice. Si\u00e8ge social : E 53 Avenue&#8230;<\/p>\n","protected":false},"author":1,"featured_media":0,"parent":0,"menu_order":0,"comment_status":"closed","ping_status":"closed","template":"","meta":{"footnotes":""},"class_list":["post-990096","page","type-page","status-publish","hentry"],"_links":{"self":[{"href":"https:\/\/backheritage.artover.fr\/fr\/wp-json\/wp\/v2\/pages\/990096","targetHints":{"allow":["GET"]}}],"collection":[{"href":"https:\/\/backheritage.artover.fr\/fr\/wp-json\/wp\/v2\/pages"}],"about":[{"href":"https:\/\/backheritage.artover.fr\/fr\/wp-json\/wp\/v2\/types\/page"}],"author":[{"embeddable":true,"href":"https:\/\/backheritage.artover.fr\/fr\/wp-json\/wp\/v2\/users\/1"}],"replies":[{"embeddable":true,"href":"https:\/\/backheritage.artover.fr\/fr\/wp-json\/wp\/v2\/comments?post=990096"}],"version-history":[{"count":1,"href":"https:\/\/backheritage.artover.fr\/fr\/wp-json\/wp\/v2\/pages\/990096\/revisions"}],"predecessor-version":[{"id":990097,"href":"https:\/\/backheritage.artover.fr\/fr\/wp-json\/wp\/v2\/pages\/990096\/revisions\/990097"}],"wp:attachment":[{"href":"https:\/\/backheritage.artover.fr\/fr\/wp-json\/wp\/v2\/media?parent=990096"}],"curies":[{"name":"wp","href":"https:\/\/api.w.org\/{rel}","templated":true}]}}