{"id":990169,"date":"2025-03-12T14:44:55","date_gmt":"2025-03-12T14:44:55","guid":{"rendered":"https:\/\/heritagewealth.mu\/qui-sommes-nous\/equipe\/muhammad-seedat\/"},"modified":"2025-12-04T11:54:18","modified_gmt":"2025-12-04T11:54:18","slug":"muhammad-seedat","status":"publish","type":"page","link":"https:\/\/backheritage.artover.fr\/fr\/qui-sommes-nous\/equipe\/muhammad-seedat\/","title":{"rendered":"Muhammad Seedat"},"content":{"rendered":"\t\t<div data-elementor-type=\"wp-page\" data-elementor-id=\"990169\" class=\"elementor elementor-990169 elementor-8511\" data-elementor-post-type=\"page\">\n\t\t\t\t<div class=\"elementor-element elementor-element-cd7f496 e-flex e-con-boxed e-con e-parent\" data-id=\"cd7f496\" data-element_type=\"container\">\n\t\t\t\t\t<div class=\"e-con-inner\">\n\t\t\t\t\t<\/div>\n\t\t\t\t<\/div>\n\t\t\t\t<\/div>\n\t\t","protected":false},"excerpt":{"rendered":"<p>Muhammad Seedat est un professionnel de l&rsquo;investissement chevronn\u00e9, fort de pr\u00e8s de deux d\u00e9cennies d&rsquo;exp\u00e9rience dans les domaines de la banque, de la gestion de portefeuille, du trading et de la strat\u00e9gie patrimoniale. Il a dirig\u00e9 des desks d&rsquo;investissement dans certaines des institutions financi\u00e8res les plus importantes de Maurice, o\u00f9 il \u00e9tait responsable de la gestion et du conseil de portefeuilles d\u00e9passant 500 millions de dollars am\u00e9ricains.  <\/p>\n<p>Muhammad est reconnu pour sa capacit\u00e9 \u00e0 traduire des tendances macro\u00e9conomiques mondiales complexes en strat\u00e9gies concr\u00e8tes et ajust\u00e9es au risque pour les particuliers et les institutions fortun\u00e9s. Son expertise pratique en mati\u00e8re de trading couvre les actions, les titres \u00e0 revenu fixe, les devises, les produits d\u00e9riv\u00e9s et les produits structur\u00e9s, tant sur les march\u00e9s d\u00e9velopp\u00e9s qu&rsquo;\u00e9mergents.  <\/p>\n<p>Ancien \u00e9l\u00e8ve de la Sorbonne Business School, titulaire d&rsquo;un Master en Finance, Muhammad d\u00e9tient \u00e9galement le certificat ACI Dealing et un BSc (Hons) en Finance et Droit. Il a fond\u00e9 Heritage Wealth Partners pour offrir une alternative plus transparente, ax\u00e9e sur la technologie et la performance, \u00e0 la gestion de patrimoine traditionnelle, avec un profond engagement envers la gestion et la pr\u00e9servation du patrimoine multig\u00e9n\u00e9rationnel. <\/p>\n","protected":false},"author":1,"featured_media":989940,"parent":990091,"menu_order":0,"comment_status":"closed","ping_status":"closed","template":"","meta":{"footnotes":""},"class_list":["post-990169","page","type-page","status-publish","has-post-thumbnail","hentry"],"_links":{"self":[{"href":"https:\/\/backheritage.artover.fr\/fr\/wp-json\/wp\/v2\/pages\/990169","targetHints":{"allow":["GET"]}}],"collection":[{"href":"https:\/\/backheritage.artover.fr\/fr\/wp-json\/wp\/v2\/pages"}],"about":[{"href":"https:\/\/backheritage.artover.fr\/fr\/wp-json\/wp\/v2\/types\/page"}],"author":[{"embeddable":true,"href":"https:\/\/backheritage.artover.fr\/fr\/wp-json\/wp\/v2\/users\/1"}],"replies":[{"embeddable":true,"href":"https:\/\/backheritage.artover.fr\/fr\/wp-json\/wp\/v2\/comments?post=990169"}],"version-history":[{"count":1,"href":"https:\/\/backheritage.artover.fr\/fr\/wp-json\/wp\/v2\/pages\/990169\/revisions"}],"predecessor-version":[{"id":990170,"href":"https:\/\/backheritage.artover.fr\/fr\/wp-json\/wp\/v2\/pages\/990169\/revisions\/990170"}],"up":[{"embeddable":true,"href":"https:\/\/backheritage.artover.fr\/fr\/wp-json\/wp\/v2\/pages\/990091"}],"wp:featuredmedia":[{"embeddable":true,"href":"https:\/\/backheritage.artover.fr\/fr\/wp-json\/wp\/v2\/media\/989940"}],"wp:attachment":[{"href":"https:\/\/backheritage.artover.fr\/fr\/wp-json\/wp\/v2\/media?parent=990169"}],"curies":[{"name":"wp","href":"https:\/\/api.w.org\/{rel}","templated":true}]}}