{"id":990173,"date":"2025-02-21T13:00:28","date_gmt":"2025-02-21T13:00:28","guid":{"rendered":"https:\/\/heritagewealth.mu\/qui-sommes-nous\/equipe\/jerome-le-gall\/"},"modified":"2026-02-04T14:13:55","modified_gmt":"2026-02-04T14:13:55","slug":"jerome-le-gall","status":"publish","type":"page","link":"https:\/\/backheritage.artover.fr\/fr\/qui-sommes-nous\/equipe\/jerome-le-gall\/","title":{"rendered":"Jerome Le Gall"},"content":{"rendered":"\t\t<div data-elementor-type=\"wp-page\" data-elementor-id=\"990173\" class=\"elementor elementor-990173\" data-elementor-post-type=\"page\">\n\t\t\t\t<div class=\"elementor-element elementor-element-04625ac e-flex e-con-boxed e-con e-parent\" data-id=\"04625ac\" data-element_type=\"container\">\n\t\t\t\t\t<div class=\"e-con-inner\">\n\t\t\t\t<div class=\"elementor-element elementor-element-9ed073c elementor-widget elementor-widget-heading\" data-id=\"9ed073c\" data-element_type=\"widget\" data-widget_type=\"heading.default\">\n\t\t\t\t<div class=\"elementor-widget-container\">\n\t\t\t\t\t<h6 class=\"elementor-heading-title elementor-size-default\">Expertise<\/h6>\t\t\t\t<\/div>\n\t\t\t\t<\/div>\n\t\t\t\t<div class=\"elementor-element elementor-element-84efbdb elementor-widget-divider--view-line elementor-widget elementor-widget-divider\" data-id=\"84efbdb\" data-element_type=\"widget\" data-widget_type=\"divider.default\">\n\t\t\t\t<div class=\"elementor-widget-container\">\n\t\t\t\t\t\t\t<div class=\"elementor-divider\">\n\t\t\t<span class=\"elementor-divider-separator\">\n\t\t\t\t\t\t<\/span>\n\t\t<\/div>\n\t\t\t\t\t\t<\/div>\n\t\t\t\t<\/div>\n\t\t\t\t\t<\/div>\n\t\t\t\t<\/div>\n\t\t<div class=\"elementor-element elementor-element-391f30d e-flex e-con-boxed e-con e-parent\" data-id=\"391f30d\" data-element_type=\"container\">\n\t\t\t\t\t<div class=\"e-con-inner\">\n\t\t\t\t<div class=\"vamtam-has-theme-widget-styles elementor-element elementor-element-f139a2f elementor-invisible elementor-align-justify vamtam-content-align-space-between elementor-widget__width-auto animated-fast vamtam-has-icon-styles vamtam-has-hover-anim vamtam-icon-pos-row-reverse elementor-widget elementor-widget-button\" data-id=\"f139a2f\" data-element_type=\"widget\" data-settings=\"{&quot;_animation&quot;:&quot;slideInUp&quot;}\" data-widget_type=\"button.default\">\n\t\t\t\t<div class=\"elementor-widget-container\">\n\t\t\t\t\t\t\t\t\t<div class=\"elementor-button-wrapper\">\n\t\t\t\t\t<a class=\"elementor-button elementor-size-sm\" role=\"button\">\n\t\t\t\t\t\t<span class=\"elementor-button-content-wrapper\">\n\t\t\t\t\t\t<span class=\"elementor-button-icon\">\n\t\t\t\t<i aria-hidden=\"true\" class=\"vamtamtheme- vamtam-theme-arrow-link-up\"><\/i>\t\t\t<\/span>\n\t\t\t\t\t\t\t\t\t<span class=\"elementor-button-text\">Planification financi\u00e8re<\/span>\n\t\t\t\t\t<\/span>\n\t\t\t\t\t<\/a>\n\t\t\t\t<\/div>\n\t\t\t\t\t\t\t\t<\/div>\n\t\t\t\t<\/div>\n\t\t\t\t<div class=\"vamtam-has-theme-widget-styles elementor-element elementor-element-0058cf9 elementor-invisible elementor-align-justify vamtam-content-align-space-between elementor-widget__width-auto animated-fast vamtam-has-icon-styles vamtam-has-hover-anim vamtam-icon-pos-row-reverse elementor-widget elementor-widget-button\" data-id=\"0058cf9\" data-element_type=\"widget\" data-settings=\"{&quot;_animation&quot;:&quot;slideInUp&quot;,&quot;_animation_delay&quot;:50}\" data-widget_type=\"button.default\">\n\t\t\t\t<div class=\"elementor-widget-container\">\n\t\t\t\t\t\t\t\t\t<div class=\"elementor-button-wrapper\">\n\t\t\t\t\t<a class=\"elementor-button elementor-size-sm\" role=\"button\">\n\t\t\t\t\t\t<span class=\"elementor-button-content-wrapper\">\n\t\t\t\t\t\t<span class=\"elementor-button-icon\">\n\t\t\t\t<i aria-hidden=\"true\" class=\"vamtamtheme- vamtam-theme-arrow-link-up\"><\/i>\t\t\t<\/span>\n\t\t\t\t\t\t\t\t\t<span class=\"elementor-button-text\">Gestion des investissements<\/span>\n\t\t\t\t\t<\/span>\n\t\t\t\t\t<\/a>\n\t\t\t\t<\/div>\n\t\t\t\t\t\t\t\t<\/div>\n\t\t\t\t<\/div>\n\t\t\t\t<div class=\"vamtam-has-theme-widget-styles elementor-element elementor-element-df55825 elementor-invisible elementor-align-justify vamtam-content-align-space-between elementor-widget__width-auto animated-fast vamtam-has-icon-styles vamtam-has-hover-anim vamtam-icon-pos-row-reverse elementor-widget elementor-widget-button\" data-id=\"df55825\" data-element_type=\"widget\" data-settings=\"{&quot;_animation&quot;:&quot;slideInUp&quot;,&quot;_animation_delay&quot;:100}\" data-widget_type=\"button.default\">\n\t\t\t\t<div class=\"elementor-widget-container\">\n\t\t\t\t\t\t\t\t\t<div class=\"elementor-button-wrapper\">\n\t\t\t\t\t<a class=\"elementor-button elementor-size-sm\" role=\"button\">\n\t\t\t\t\t\t<span class=\"elementor-button-content-wrapper\">\n\t\t\t\t\t\t<span class=\"elementor-button-icon\">\n\t\t\t\t<i aria-hidden=\"true\" class=\"vamtamtheme- vamtam-theme-arrow-link-up\"><\/i>\t\t\t<\/span>\n\t\t\t\t\t\t\t\t\t<span class=\"elementor-button-text\">Assurance et gestion des risques<\/span>\n\t\t\t\t\t<\/span>\n\t\t\t\t\t<\/a>\n\t\t\t\t<\/div>\n\t\t\t\t\t\t\t\t<\/div>\n\t\t\t\t<\/div>\n\t\t\t\t<div class=\"vamtam-has-theme-widget-styles elementor-element elementor-element-7100a35 elementor-invisible elementor-align-justify vamtam-content-align-space-between elementor-widget__width-auto animated-fast vamtam-has-icon-styles vamtam-has-hover-anim vamtam-icon-pos-row-reverse elementor-widget elementor-widget-button\" data-id=\"7100a35\" data-element_type=\"widget\" data-settings=\"{&quot;_animation&quot;:&quot;slideInUp&quot;,&quot;_animation_delay&quot;:150}\" data-widget_type=\"button.default\">\n\t\t\t\t<div class=\"elementor-widget-container\">\n\t\t\t\t\t\t\t\t\t<div class=\"elementor-button-wrapper\">\n\t\t\t\t\t<a class=\"elementor-button elementor-size-sm\" role=\"button\">\n\t\t\t\t\t\t<span class=\"elementor-button-content-wrapper\">\n\t\t\t\t\t\t<span class=\"elementor-button-icon\">\n\t\t\t\t<i aria-hidden=\"true\" class=\"vamtamtheme- vamtam-theme-arrow-link-up\"><\/i>\t\t\t<\/span>\n\t\t\t\t\t\t\t\t\t<span class=\"elementor-button-text\">Investissements alternatifs<\/span>\n\t\t\t\t\t<\/span>\n\t\t\t\t\t<\/a>\n\t\t\t\t<\/div>\n\t\t\t\t\t\t\t\t<\/div>\n\t\t\t\t<\/div>\n\t\t\t\t\t<\/div>\n\t\t\t\t<\/div>\n\t\t<div class=\"elementor-element elementor-element-5aef412 e-flex e-con-boxed e-con e-parent\" data-id=\"5aef412\" data-element_type=\"container\">\n\t\t\t\t\t<div class=\"e-con-inner\">\n\t\t\t\t<div class=\"elementor-element elementor-element-9c9281f elementor-widget elementor-widget-text-editor\" data-id=\"9c9281f\" data-element_type=\"widget\" data-widget_type=\"text-editor.default\">\n\t\t\t\t<div class=\"elementor-widget-container\">\n\t\t\t\t\t\t\t\t\t<p>John est le directeur associ\u00e9 mondial, le PDG et le pr\u00e9sident du conseil d&rsquo;administration de Finovate, o\u00f9 il supervise la strat\u00e9gie et les op\u00e9rations mondiales tout en pr\u00e9servant la culture renomm\u00e9e de Bain. Avec plus de 20 ans d&rsquo;exp\u00e9rience au sein de l&rsquo;entreprise, John a conseill\u00e9 des PDG mondiaux et est un expert reconnu en mati\u00e8re de conseil en transactions et de cr\u00e9ation de valeur pour les soci\u00e9t\u00e9s de portefeuille.<\/p>\n<p>Il poss\u00e8de une solide exp\u00e9rience dans les domaines du capital-investissement, des fusions et acquisitions d&rsquo;entreprises et des produits de consommation. John est \u00e9galement impliqu\u00e9 dans des initiatives de d\u00e9veloppement durable et si\u00e8ge au conseil d&rsquo;administration de Cancer, une organisation \u00e0 but non lucratif ax\u00e9e sur la lutte contre le cancer infantile. Il est titulaire d&rsquo;une ma\u00eetrise en g\u00e9nie civil et en communication commerciale multilingue de l&rsquo;universit\u00e9 de Gand et est bas\u00e9 \u00e0 New York.<\/p>\t\t\t\t\t\t\t\t<\/div>\n\t\t\t\t<\/div>\n\t\t\t\t\t<\/div>\n\t\t\t\t<\/div>\n\t\t\t\t<\/div>\n\t\t","protected":false},"excerpt":{"rendered":"<p>Membre certifi\u00e9 du Chartered Institute for Securities &amp; Investment, Jerome fait le lien entre strat\u00e9gie et ex\u00e9cution \u00e0 travers les secteurs et les g\u00e9ographies. Ancien responsable du d\u00e9veloppement commercial dans une soci\u00e9t\u00e9 de gestion d&rsquo;actifs et banquier priv\u00e9 dans la principale banque commerciale de Maurice, et actuellement \u00e0 la t\u00eate d&rsquo;une structure de holding d&rsquo;investissement de plusieurs millions de dollars, il apporte un instinct de d\u00e9veloppement commercial et un \u00e9tat d&rsquo;esprit ax\u00e9 sur le client pour conduire l&rsquo;expansion r\u00e9gionale d&rsquo;HWP. <\/p>\n","protected":false},"author":1,"featured_media":989944,"parent":990091,"menu_order":3,"comment_status":"closed","ping_status":"closed","template":"","meta":{"footnotes":""},"class_list":["post-990173","page","type-page","status-publish","has-post-thumbnail","hentry"],"_links":{"self":[{"href":"https:\/\/backheritage.artover.fr\/fr\/wp-json\/wp\/v2\/pages\/990173","targetHints":{"allow":["GET"]}}],"collection":[{"href":"https:\/\/backheritage.artover.fr\/fr\/wp-json\/wp\/v2\/pages"}],"about":[{"href":"https:\/\/backheritage.artover.fr\/fr\/wp-json\/wp\/v2\/types\/page"}],"author":[{"embeddable":true,"href":"https:\/\/backheritage.artover.fr\/fr\/wp-json\/wp\/v2\/users\/1"}],"replies":[{"embeddable":true,"href":"https:\/\/backheritage.artover.fr\/fr\/wp-json\/wp\/v2\/comments?post=990173"}],"version-history":[{"count":1,"href":"https:\/\/backheritage.artover.fr\/fr\/wp-json\/wp\/v2\/pages\/990173\/revisions"}],"predecessor-version":[{"id":990174,"href":"https:\/\/backheritage.artover.fr\/fr\/wp-json\/wp\/v2\/pages\/990173\/revisions\/990174"}],"up":[{"embeddable":true,"href":"https:\/\/backheritage.artover.fr\/fr\/wp-json\/wp\/v2\/pages\/990091"}],"wp:featuredmedia":[{"embeddable":true,"href":"https:\/\/backheritage.artover.fr\/fr\/wp-json\/wp\/v2\/media\/989944"}],"wp:attachment":[{"href":"https:\/\/backheritage.artover.fr\/fr\/wp-json\/wp\/v2\/media?parent=990173"}],"curies":[{"name":"wp","href":"https:\/\/api.w.org\/{rel}","templated":true}]}}